



{"id":2841,"date":"2025-08-11T10:59:23","date_gmt":"2025-08-11T03:59:23","guid":{"rendered":"https:\/\/biomidoli.com\/?post_type=product&#038;p=2841"},"modified":"2026-01-22T17:04:14","modified_gmt":"2026-01-22T10:04:14","slug":"biomi-1-antifb","status":"publish","type":"product","link":"https:\/\/biomidoli.com\/en\/san-pham\/biomi-1-antifb\/","title":{"rendered":"BIOMI 1 &#8211; AntiFB"},"content":{"rendered":"<div id=\"input_line_0\" style=\"text-align: justify;\"><span id=\"input_part_0\" class=\"\" style=\"white-space: pre-wrap;\" data-mention=\"\u2022 Th\u00e0nh ph\u1ea7n: T\u1ed5ng VSV ph\u00e2n gi\u1ea3i cellulose (Trichoderma sp., Bacillus sp., Streptomyces sp.) &gt;= 10^8 CFU\/g.\"><strong>\u2022 Th\u00e0nh ph\u1ea7n:<\/strong> <\/span><\/div>\n<div><\/div>\n<div style=\"text-align: justify;\"><span id=\"input_part_0\" class=\"\" style=\"white-space: pre-wrap;\" data-mention=\"\u2022 Th\u00e0nh ph\u1ea7n: T\u1ed5ng VSV ph\u00e2n gi\u1ea3i cellulose (Trichoderma sp., Bacillus sp., Streptomyces sp.) &gt;= 10^8 CFU\/g.\">T\u1ed5ng VSV ph\u00e2n gi\u1ea3i cellulose (<em>Trichoderma<\/em> sp., <em>Bacillus<\/em> sp., <em>Streptomyces<\/em> sp.) &gt;= 10^6 CFU\/g.<\/span><\/div>\n<div><\/div>\n<div id=\"input_line_1\" style=\"text-align: justify;\"><span id=\"input_part_0\" class=\"\" data-mention=\"\u2022 C\u00f4ng d\u1ee5ng: Ph\u00e2n h\u1ee7y m\u1ea1nh nhi\u1ec1u lo\u1ea1i nguy\u00ean li\u1ec7u. K\u00edch th\u00edch b\u1ed9 r\u1ec5 ph\u00e1t tri\u1ec3n m\u1ea1nh, t\u0103ng c\u01b0\u1eddng h\u1ea5p thu ph\u00e2n b\u00f3n. Cung c\u1ea5p h\u1ec7 vi sinh gi\u00fap ph\u00e2n gi\u1ea3i xenlulo, x\u00e1c b\u00e3 th\u1ef1c v\u1eadt gi\u00fap t\u0103ng c\u01b0\u1eddng chuy\u1ec3n h\u00f3a v\u00e0 h\u1ea5p thu dinh d\u01b0\u1ee1ng h\u1eefu c\u01a1 t\u1ea1i ch\u1ed7. Trichoderma, x\u1ea1 khu\u1ea9n v\u00e0 vi khu\u1ea9n Bacillus sinh enzyme, ch\u1ea5t kh\u00e1ng n\u1ea5m, kh\u00e1ng khu\u1ea9n, gi\u00fap c\u00e2y tr\u1ed3ng t\u0103ng s\u1ee9c \u0111\u1ec1 kh\u00e1ng v\u1edbi c\u00e1c vi khu\u1ea9n v\u00e0 vi n\u1ea5m g\u00e2y b\u1ec7nh ph\u1ed5 bi\u1ebfn.\"><strong>\u2022 C\u00f4ng d\u1ee5ng:<\/strong> <\/span><\/div>\n<div><\/div>\n<div style=\"text-align: justify;\"><span id=\"input_part_0\" class=\"\" data-mention=\"\u2022 C\u00f4ng d\u1ee5ng: Ph\u00e2n h\u1ee7y m\u1ea1nh nhi\u1ec1u lo\u1ea1i nguy\u00ean li\u1ec7u. K\u00edch th\u00edch b\u1ed9 r\u1ec5 ph\u00e1t tri\u1ec3n m\u1ea1nh, t\u0103ng c\u01b0\u1eddng h\u1ea5p thu ph\u00e2n b\u00f3n. Cung c\u1ea5p h\u1ec7 vi sinh gi\u00fap ph\u00e2n gi\u1ea3i xenlulo, x\u00e1c b\u00e3 th\u1ef1c v\u1eadt gi\u00fap t\u0103ng c\u01b0\u1eddng chuy\u1ec3n h\u00f3a v\u00e0 h\u1ea5p thu dinh d\u01b0\u1ee1ng h\u1eefu c\u01a1 t\u1ea1i ch\u1ed7. Trichoderma, x\u1ea1 khu\u1ea9n v\u00e0 vi khu\u1ea9n Bacillus sinh enzyme, ch\u1ea5t kh\u00e1ng n\u1ea5m, kh\u00e1ng khu\u1ea9n, gi\u00fap c\u00e2y tr\u1ed3ng t\u0103ng s\u1ee9c \u0111\u1ec1 kh\u00e1ng v\u1edbi c\u00e1c vi khu\u1ea9n v\u00e0 vi n\u1ea5m g\u00e2y b\u1ec7nh ph\u1ed5 bi\u1ebfn.\">Ph\u00e2n h\u1ee7y m\u1ea1nh nhi\u1ec1u lo\u1ea1i nguy\u00ean li\u1ec7u. K\u00edch th\u00edch b\u1ed9 r\u1ec5 ph\u00e1t tri\u1ec3n m\u1ea1nh, t\u0103ng c\u01b0\u1eddng h\u1ea5p thu ph\u00e2n b\u00f3n. Cung c\u1ea5p h\u1ec7 vi sinh gi\u00fap ph\u00e2n gi\u1ea3i xenlulo, x\u00e1c b\u00e3 th\u1ef1c v\u1eadt gi\u00fap t\u0103ng c\u01b0\u1eddng chuy\u1ec3n h\u00f3a v\u00e0 h\u1ea5p thu dinh d\u01b0\u1ee1ng h\u1eefu c\u01a1 t\u1ea1i ch\u1ed7. <\/span><\/div>\n<div><\/div>\n<div style=\"text-align: justify;\"><span id=\"input_part_0\" class=\"\" data-mention=\"\u2022 C\u00f4ng d\u1ee5ng: Ph\u00e2n h\u1ee7y m\u1ea1nh nhi\u1ec1u lo\u1ea1i nguy\u00ean li\u1ec7u. K\u00edch th\u00edch b\u1ed9 r\u1ec5 ph\u00e1t tri\u1ec3n m\u1ea1nh, t\u0103ng c\u01b0\u1eddng h\u1ea5p thu ph\u00e2n b\u00f3n. Cung c\u1ea5p h\u1ec7 vi sinh gi\u00fap ph\u00e2n gi\u1ea3i xenlulo, x\u00e1c b\u00e3 th\u1ef1c v\u1eadt gi\u00fap t\u0103ng c\u01b0\u1eddng chuy\u1ec3n h\u00f3a v\u00e0 h\u1ea5p thu dinh d\u01b0\u1ee1ng h\u1eefu c\u01a1 t\u1ea1i ch\u1ed7. Trichoderma, x\u1ea1 khu\u1ea9n v\u00e0 vi khu\u1ea9n Bacillus sinh enzyme, ch\u1ea5t kh\u00e1ng n\u1ea5m, kh\u00e1ng khu\u1ea9n, gi\u00fap c\u00e2y tr\u1ed3ng t\u0103ng s\u1ee9c \u0111\u1ec1 kh\u00e1ng v\u1edbi c\u00e1c vi khu\u1ea9n v\u00e0 vi n\u1ea5m g\u00e2y b\u1ec7nh ph\u1ed5 bi\u1ebfn.\"><em>Trichoderma<\/em>, x\u1ea1 khu\u1ea9n v\u00e0 vi khu\u1ea9n <em>Bacillus<\/em> sinh enzyme, ch\u1ea5t kh\u00e1ng n\u1ea5m, kh\u00e1ng khu\u1ea9n, gi\u00fap c\u00e2y tr\u1ed3ng t\u0103ng s\u1ee9c \u0111\u1ec1 kh\u00e1ng v\u1edbi c\u00e1c vi khu\u1ea9n v\u00e0 vi n\u1ea5m g\u00e2y b\u1ec7nh ph\u1ed5 bi\u1ebfn.<\/span><\/div>\n<div><\/div>\n<div id=\"input_line_2\" style=\"text-align: justify;\"><span id=\"input_part_0\" class=\"\" data-mention=\"\u2022 S\u1eed d\u1ee5ng: 30-45g\/16 l\u00edt, n\u00ean phun v\u00e0o l\u00fac s\u00e1ng s\u1edbm hay chi\u1ec1u m\u00e1t.\"><strong>\u2022 S\u1eed d\u1ee5ng:<\/strong> 30-45g\/16 l\u00edt, n\u00ean phun v\u00e0o l\u00fac s\u00e1ng s\u1edbm hay chi\u1ec1u m\u00e1t.<\/span><\/div>\n<div><\/div>\n<div id=\"input_line_3\" style=\"text-align: justify;\"><span id=\"input_part_0\" class=\"\" data-mention=\"\u2022 B\u1ea3o qu\u1ea3n: b\u1ea3o qu\u1ea3n n\u01a1i kh\u00f4 r\u00e1o, tho\u00e1ng m\u00e1t.\"><strong>\u2022 B\u1ea3o qu\u1ea3n:<\/strong> b\u1ea3o qu\u1ea3n n\u01a1i kh\u00f4 r\u00e1o, tho\u00e1ng m\u00e1t.<\/span><\/div>\n<div><\/div>\n<div id=\"input_line_4\" style=\"text-align: justify;\"><span id=\"input_part_0\" class=\"\" data-mention=\"\u2022 Ng\u00e0y s\u1ea3n xu\u1ea5t: 1\/1\/2025. H\u1ea1n s\u1eed d\u1ee5ng: 6 th\u00e1ng. Kh\u1ed1i l\u01b0\u1ee3ng t\u1ecbnh: 1kg.\"><strong>\u2022 Ng\u00e0y s\u1ea3n xu\u1ea5t:<\/strong> Xem tr\u00ean bao b\u00ec<\/span><\/div>\n<div><\/div>\n<div style=\"text-align: justify;\"><span id=\"input_part_0\" class=\"\" data-mention=\"\u2022 Ng\u00e0y s\u1ea3n xu\u1ea5t: 1\/1\/2025. H\u1ea1n s\u1eed d\u1ee5ng: 6 th\u00e1ng. Kh\u1ed1i l\u01b0\u1ee3ng t\u1ecbnh: 1kg.\"><strong>\u2022 H\u1ea1n s\u1eed d\u1ee5ng:<\/strong> 6 th\u00e1ng. <\/span><\/div>\n<div><\/div>\n<div style=\"text-align: justify;\"><span id=\"input_part_0\" class=\"\" data-mention=\"\u2022 Ng\u00e0y s\u1ea3n xu\u1ea5t: 1\/1\/2025. H\u1ea1n s\u1eed d\u1ee5ng: 6 th\u00e1ng. Kh\u1ed1i l\u01b0\u1ee3ng t\u1ecbnh: 1kg.\"><strong>\u2022 Kh\u1ed1i l\u01b0\u1ee3ng t\u1ecbnh:<\/strong> 1kg.<\/span><\/div>\n<div><\/div>\n<div id=\"input_line_5\" style=\"text-align: justify;\"><span id=\"input_part_0\" class=\"\" data-mention=\"\u2022 C\u00f4ng ngh\u1ec7 \u0111\u01b0\u1ee3c t\u00e0i tr\u1ee3 b\u1edfi T\u1eadp \u0111o\u00e0n Hungroup - C\u00f4ng ty CP v\u00f4 c\u01a1 ho\u00e1 v\u00e0 v\u1eadt li\u1ec7u m\u1edbi \u0111\u00e3 \u1ee9ng d\u1ee5ng th\u00e0nh c\u00f4ng c\u00f4ng ngh\u1ec7 hi\u1ec7n \u0111\u1ea1i t\u1eeb c\u00e1c n\u01b0\u1edbc ti\u00ean ti\u1ebfn v\u00e0 Vi\u1ec7t Nam nghi\u00ean c\u1ee9u ra ch\u1ebf ph\u1ea9m vi sinh BIOMIDOLI.\">\u2022 <strong>C\u00f4ng ngh\u1ec7<\/strong> \u0111\u01b0\u1ee3c t\u00e0i tr\u1ee3 b\u1edfi T\u1eadp \u0111o\u00e0n Hungroup &#8211; C\u00f4ng ty CP v\u00f4 c\u01a1 ho\u00e1 v\u00e0 v\u1eadt li\u1ec7u m\u1edbi \u0111\u00e3 \u1ee9ng d\u1ee5ng th\u00e0nh c\u00f4ng c\u00f4ng ngh\u1ec7 hi\u1ec7n \u0111\u1ea1i t\u1eeb c\u00e1c n\u01b0\u1edbc ti\u00ean ti\u1ebfn v\u00e0 Vi\u1ec7t Nam nghi\u00ean c\u1ee9u ra ch\u1ebf ph\u1ea9m vi sinh BIOMIDOLI.<\/span><\/div>\n<div><\/div>\n<div><span id=\"input_part_0\" class=\"\" data-mention=\"\u2022 Ng\u00e0y s\u1ea3n xu\u1ea5t: 1\/1\/2025. H\u1ea1n s\u1eed d\u1ee5ng: 6 th\u00e1ng. Kh\u1ed1i l\u01b0\u1ee3ng t\u1ecbnh: 1kg.\"><strong>\u2022 <\/strong><\/span><strong>Li\u00ean H\u1ec7:\u00a0<\/strong><\/div>\n<div><\/div>\n<div id=\"input_line_6\" style=\"text-align: justify;\"><strong><span id=\"input_part_0\" class=\"\" data-mention=\"\u2022 C\u00f4ng ty TNHH MIDOLI: \u0110C L\u1ea7u 2, 02-04 Alexandre de Rhodes, P. B\u1ebfn Ngh\u00e9, Qu\u1eadn 1, TP H\u1ed3 Ch\u00ed Minh. Website: www.biomidoli.com. Email: midolibiotek@gmail.com.\">C\u00f4ng ty TNHH MIDOLI<\/span><\/strong><\/div>\n<div><\/div>\n<div style=\"text-align: justify;\">\u0110\u1ecba ch\u1ec9: L\u1ea7u 2, 02-04 Alexandre de Rohdes, ph\u01b0\u1eddng S\u00e0i G\u00f2n, Th\u00e0nh ph\u1ed1 H\u1ed3 Ch\u00ed Minh<\/div>\n<div><\/div>\n<div style=\"text-align: justify;\"><span id=\"input_part_0\" class=\"\" data-mention=\"\u2022 C\u00f4ng ty TNHH MIDOLI: \u0110C L\u1ea7u 2, 02-04 Alexandre de Rhodes, P. B\u1ebfn Ngh\u00e9, Qu\u1eadn 1, TP H\u1ed3 Ch\u00ed Minh. Website: www.biomidoli.com. Email: midolibiotek@gmail.com.\">Website: <span style=\"color: #0000ff;\"><a style=\"color: #0000ff;\" href=\"https:\/\/biomidoli.com\/\">www.biomidoli.com<\/a><\/span><\/span><\/div>\n<div><\/div>\n<div style=\"text-align: justify;\"><span id=\"input_part_0\" class=\"\" data-mention=\"\u2022 C\u00f4ng ty TNHH MIDOLI: \u0110C L\u1ea7u 2, 02-04 Alexandre de Rhodes, P. B\u1ebfn Ngh\u00e9, Qu\u1eadn 1, TP H\u1ed3 Ch\u00ed Minh. Website: www.biomidoli.com. Email: midolibiotek@gmail.com.\">Email: midolibiotek@gmail.com.<\/span><\/div>\n<div><\/div>\n<div>S\u1ed1 \u0111i\u1ec7n tho\u1ea1i: 0376. 455. 708<\/div>\n","protected":false},"excerpt":{"rendered":"<p>\u2022 Th\u00e0nh ph\u1ea7n: T\u1ed5ng VSV ph\u00e2n gi\u1ea3i cellulose (Trichoderma sp., Bacillus sp., Streptomyces sp.) &gt;= 10^6 CFU\/g. \u2022 C\u00f4ng d\u1ee5ng: Ph\u00e2n h\u1ee7y m\u1ea1nh nhi\u1ec1u lo\u1ea1i nguy\u00ean li\u1ec7u. K\u00edch th\u00edch b\u1ed9 r\u1ec5 ph\u00e1t tri\u1ec3n m\u1ea1nh, t\u0103ng c\u01b0\u1eddng h\u1ea5p thu ph\u00e2n b\u00f3n. Cung c\u1ea5p h\u1ec7 vi sinh gi\u00fap ph\u00e2n gi\u1ea3i xenlulo, x\u00e1c b\u00e3 th\u1ef1c v\u1eadt gi\u00fap t\u0103ng [&#8230;]\n","protected":false},"featured_media":2842,"comment_status":"open","ping_status":"closed","template":"","meta":{"_acf_changed":false},"pwb-brand":[],"product_brand":[],"product_cat":[291,218],"product_tag":[],"yst_prominent_words":[],"class_list":{"0":"post-2841","1":"product","2":"type-product","3":"status-publish","4":"has-post-thumbnail","6":"product_cat-canh-tac-nong-nghiep","7":"product_cat-san-pham","9":"first","10":"instock","11":"shipping-taxable","12":"product-type-simple","13":"add-to-wishlist-after_add_to_cart"},"acf":[],"brands":[],"_links":{"self":[{"href":"https:\/\/biomidoli.com\/en\/wp-json\/wp\/v2\/product\/2841","targetHints":{"allow":["GET"]}}],"collection":[{"href":"https:\/\/biomidoli.com\/en\/wp-json\/wp\/v2\/product"}],"about":[{"href":"https:\/\/biomidoli.com\/en\/wp-json\/wp\/v2\/types\/product"}],"replies":[{"embeddable":true,"href":"https:\/\/biomidoli.com\/en\/wp-json\/wp\/v2\/comments?post=2841"}],"wp:featuredmedia":[{"embeddable":true,"href":"https:\/\/biomidoli.com\/en\/wp-json\/wp\/v2\/media\/2842"}],"wp:attachment":[{"href":"https:\/\/biomidoli.com\/en\/wp-json\/wp\/v2\/media?parent=2841"}],"wp:term":[{"taxonomy":"pwb-brand","embeddable":true,"href":"https:\/\/biomidoli.com\/en\/wp-json\/wp\/v2\/pwb-brand?post=2841"},{"taxonomy":"product_brand","embeddable":true,"href":"https:\/\/biomidoli.com\/en\/wp-json\/wp\/v2\/product_brand?post=2841"},{"taxonomy":"product_cat","embeddable":true,"href":"https:\/\/biomidoli.com\/en\/wp-json\/wp\/v2\/product_cat?post=2841"},{"taxonomy":"product_tag","embeddable":true,"href":"https:\/\/biomidoli.com\/en\/wp-json\/wp\/v2\/product_tag?post=2841"},{"taxonomy":"yst_prominent_words","embeddable":true,"href":"https:\/\/biomidoli.com\/en\/wp-json\/wp\/v2\/yst_prominent_words?post=2841"}],"curies":[{"name":"wp","href":"https:\/\/api.w.org\/{rel}","templated":true}]}}