



{"id":2844,"date":"2025-08-11T11:27:17","date_gmt":"2025-08-11T04:27:17","guid":{"rendered":"https:\/\/biomidoli.com\/?post_type=product&#038;p=2844"},"modified":"2026-01-22T17:04:35","modified_gmt":"2026-01-22T10:04:35","slug":"biomi-3-pestbt","status":"publish","type":"product","link":"https:\/\/biomidoli.com\/en\/san-pham\/biomi-3-pestbt\/","title":{"rendered":"BIOMI 3 &#8211; PESTBT"},"content":{"rendered":"<div id=\"input_line_0\" style=\"text-align: justify;\"><span id=\"input_part_0\" class=\"\" style=\"white-space: pre-wrap;\" data-mention=\"Th\u00e0nh ph\u1ea7n: T\u1ed5ng VSV ph\u00e2n gi\u1ea3i cellulose (Bacillus sp., Streptomyces sp., Trichoderma sp.) &gt;= 10^8 CFU\/g. B\u1ed5 sung: vi sinh v\u1eadt \u0111\u1ed1i kh\u00e1ng c\u00f4n tr\u00f9ng v\u00e0 n\u1ea5m b\u1ec7nh h\u1ea1i th\u1ef1c v\u1eadt (Metarhizium anisopliae, Beauveria bassiana, Paecilomyces spp.).\"><strong><span id=\"input_part_0\" class=\"\" data-mention=\"\u2022 C\u00f4ng d\u1ee5ng: Gi\u00fap ph\u00e2n h\u1ee7y m\u1ea1nh nhi\u1ec1u lo\u1ea1i nguy\u00ean li\u1ec7u. K\u00edch th\u00edch b\u1ed9 r\u1ec5 ph\u00e1t tri\u1ec3n m\u1ea1nh, t\u0103ng c\u01b0\u1eddng h\u1ea5p thu ph\u00e2n b\u00f3n. Cung c\u1ea5p h\u1ec7 vi sinh gi\u00fap ph\u00e2n gi\u1ea3i xenlulo, x\u00e1o tr\u1ed9n ch\u1ea5t, gi\u00fap t\u0103ng c\u01b0\u1eddng chuy\u1ec3n h\u00f3a v\u00e0 h\u1ea5p thu dinh d\u01b0\u1ee1ng cho c\u00e2y tr\u1ed3ng. S\u1ea3n ph\u1ea9m c\u00f2n b\u1ed5 sung th\u00eam n\u1ea5m v\u00e0 vi khu\u1ea9n Metarhizium anisopliae, Beauveria bassiana, v\u00e0 Paecilomyces spp. c\u00f3 kh\u1ea3 n\u0103ng ph\u00f2ng tr\u1eeb sinh v\u1eadt g\u00e2y h\u1ea1i ph\u1ed5 bi\u1ebfn cho c\u00e2y c\u00e0 ph\u00ea v\u00e0 c\u00e2y tr\u1ed3ng kh\u00e1c.\">\u2022 <\/span>Th\u00e0nh ph\u1ea7n:<\/strong><\/span><\/div>\n<div><\/div>\n<div style=\"text-align: justify;\"><span id=\"input_part_0\" class=\"\" style=\"white-space: pre-wrap;\" data-mention=\"Th\u00e0nh ph\u1ea7n: T\u1ed5ng VSV ph\u00e2n gi\u1ea3i cellulose (Bacillus sp., Streptomyces sp., Trichoderma sp.) &gt;= 10^8 CFU\/g. B\u1ed5 sung: vi sinh v\u1eadt \u0111\u1ed1i kh\u00e1ng c\u00f4n tr\u00f9ng v\u00e0 n\u1ea5m b\u1ec7nh h\u1ea1i th\u1ef1c v\u1eadt (Metarhizium anisopliae, Beauveria bassiana, Paecilomyces spp.).\">T\u1ed5ng VSV ph\u00e2n gi\u1ea3i cellulose (<em>Bacillus<\/em> sp., <em>Streptomyces<\/em> sp., <em>Trichoderma<\/em> sp.) &gt;= 10^6 CFU\/g. <\/span><\/div>\n<div><\/div>\n<div style=\"text-align: justify;\"><span id=\"input_part_0\" class=\"\" style=\"white-space: pre-wrap;\" data-mention=\"Th\u00e0nh ph\u1ea7n: T\u1ed5ng VSV ph\u00e2n gi\u1ea3i cellulose (Bacillus sp., Streptomyces sp., Trichoderma sp.) &gt;= 10^8 CFU\/g. B\u1ed5 sung: vi sinh v\u1eadt \u0111\u1ed1i kh\u00e1ng c\u00f4n tr\u00f9ng v\u00e0 n\u1ea5m b\u1ec7nh h\u1ea1i th\u1ef1c v\u1eadt (Metarhizium anisopliae, Beauveria bassiana, Paecilomyces spp.).\">B\u1ed5 sung: vi sinh v\u1eadt \u0111\u1ed1i kh\u00e1ng c\u00f4n tr\u00f9ng v\u00e0 n\u1ea5m b\u1ec7nh h\u1ea1i th\u1ef1c v\u1eadt (<em>Metarhizium anisopliae<\/em>, <em>Beauveria bassiana<\/em>, <em>Paecilomyces<\/em> spp.).<\/span><\/div>\n<div><\/div>\n<div id=\"input_line_1\" style=\"text-align: justify;\"><span id=\"input_part_0\" class=\"\" data-mention=\"\u2022 C\u00f4ng d\u1ee5ng: Gi\u00fap ph\u00e2n h\u1ee7y m\u1ea1nh nhi\u1ec1u lo\u1ea1i nguy\u00ean li\u1ec7u. K\u00edch th\u00edch b\u1ed9 r\u1ec5 ph\u00e1t tri\u1ec3n m\u1ea1nh, t\u0103ng c\u01b0\u1eddng h\u1ea5p thu ph\u00e2n b\u00f3n. Cung c\u1ea5p h\u1ec7 vi sinh gi\u00fap ph\u00e2n gi\u1ea3i xenlulo, x\u00e1o tr\u1ed9n ch\u1ea5t, gi\u00fap t\u0103ng c\u01b0\u1eddng chuy\u1ec3n h\u00f3a v\u00e0 h\u1ea5p thu dinh d\u01b0\u1ee1ng cho c\u00e2y tr\u1ed3ng. S\u1ea3n ph\u1ea9m c\u00f2n b\u1ed5 sung th\u00eam n\u1ea5m v\u00e0 vi khu\u1ea9n Metarhizium anisopliae, Beauveria bassiana, v\u00e0 Paecilomyces spp. c\u00f3 kh\u1ea3 n\u0103ng ph\u00f2ng tr\u1eeb sinh v\u1eadt g\u00e2y h\u1ea1i ph\u1ed5 bi\u1ebfn cho c\u00e2y c\u00e0 ph\u00ea v\u00e0 c\u00e2y tr\u1ed3ng kh\u00e1c.\"><strong>\u2022 C\u00f4ng d\u1ee5ng:<\/strong> <\/span><\/div>\n<div><\/div>\n<div style=\"text-align: justify;\"><span id=\"input_part_0\" class=\"\" data-mention=\"\u2022 C\u00f4ng d\u1ee5ng: Gi\u00fap ph\u00e2n h\u1ee7y m\u1ea1nh nhi\u1ec1u lo\u1ea1i nguy\u00ean li\u1ec7u. K\u00edch th\u00edch b\u1ed9 r\u1ec5 ph\u00e1t tri\u1ec3n m\u1ea1nh, t\u0103ng c\u01b0\u1eddng h\u1ea5p thu ph\u00e2n b\u00f3n. Cung c\u1ea5p h\u1ec7 vi sinh gi\u00fap ph\u00e2n gi\u1ea3i xenlulo, x\u00e1o tr\u1ed9n ch\u1ea5t, gi\u00fap t\u0103ng c\u01b0\u1eddng chuy\u1ec3n h\u00f3a v\u00e0 h\u1ea5p thu dinh d\u01b0\u1ee1ng cho c\u00e2y tr\u1ed3ng. S\u1ea3n ph\u1ea9m c\u00f2n b\u1ed5 sung th\u00eam n\u1ea5m v\u00e0 vi khu\u1ea9n Metarhizium anisopliae, Beauveria bassiana, v\u00e0 Paecilomyces spp. c\u00f3 kh\u1ea3 n\u0103ng ph\u00f2ng tr\u1eeb sinh v\u1eadt g\u00e2y h\u1ea1i ph\u1ed5 bi\u1ebfn cho c\u00e2y c\u00e0 ph\u00ea v\u00e0 c\u00e2y tr\u1ed3ng kh\u00e1c.\">Gi\u00fap ph\u00e2n h\u1ee7y m\u1ea1nh nhi\u1ec1u lo\u1ea1i nguy\u00ean li\u1ec7u. K\u00edch th\u00edch b\u1ed9 r\u1ec5 ph\u00e1t tri\u1ec3n m\u1ea1nh, t\u0103ng c\u01b0\u1eddng h\u1ea5p thu ph\u00e2n b\u00f3n. <\/span><span id=\"input_part_0\" class=\"\" data-mention=\"\u2022 C\u00f4ng d\u1ee5ng: Gi\u00fap ph\u00e2n h\u1ee7y m\u1ea1nh nhi\u1ec1u lo\u1ea1i nguy\u00ean li\u1ec7u. K\u00edch th\u00edch b\u1ed9 r\u1ec5 ph\u00e1t tri\u1ec3n m\u1ea1nh, t\u0103ng c\u01b0\u1eddng h\u1ea5p thu ph\u00e2n b\u00f3n. Cung c\u1ea5p h\u1ec7 vi sinh gi\u00fap ph\u00e2n gi\u1ea3i xenlulo, x\u00e1o tr\u1ed9n ch\u1ea5t, gi\u00fap t\u0103ng c\u01b0\u1eddng chuy\u1ec3n h\u00f3a v\u00e0 h\u1ea5p thu dinh d\u01b0\u1ee1ng cho c\u00e2y tr\u1ed3ng. S\u1ea3n ph\u1ea9m c\u00f2n b\u1ed5 sung th\u00eam n\u1ea5m v\u00e0 vi khu\u1ea9n Metarhizium anisopliae, Beauveria bassiana, v\u00e0 Paecilomyces spp. c\u00f3 kh\u1ea3 n\u0103ng ph\u00f2ng tr\u1eeb sinh v\u1eadt g\u00e2y h\u1ea1i ph\u1ed5 bi\u1ebfn cho c\u00e2y c\u00e0 ph\u00ea v\u00e0 c\u00e2y tr\u1ed3ng kh\u00e1c.\">Cung c\u1ea5p h\u1ec7 vi sinh gi\u00fap ph\u00e2n gi\u1ea3i xenlulo, x\u00e1o tr\u1ed9n ch\u1ea5t, gi\u00fap t\u0103ng c\u01b0\u1eddng chuy\u1ec3n h\u00f3a v\u00e0 h\u1ea5p thu dinh d\u01b0\u1ee1ng cho c\u00e2y tr\u1ed3ng. <\/span><\/div>\n<div><\/div>\n<div style=\"text-align: justify;\"><span id=\"input_part_0\" class=\"\" data-mention=\"\u2022 C\u00f4ng d\u1ee5ng: Gi\u00fap ph\u00e2n h\u1ee7y m\u1ea1nh nhi\u1ec1u lo\u1ea1i nguy\u00ean li\u1ec7u. K\u00edch th\u00edch b\u1ed9 r\u1ec5 ph\u00e1t tri\u1ec3n m\u1ea1nh, t\u0103ng c\u01b0\u1eddng h\u1ea5p thu ph\u00e2n b\u00f3n. Cung c\u1ea5p h\u1ec7 vi sinh gi\u00fap ph\u00e2n gi\u1ea3i xenlulo, x\u00e1o tr\u1ed9n ch\u1ea5t, gi\u00fap t\u0103ng c\u01b0\u1eddng chuy\u1ec3n h\u00f3a v\u00e0 h\u1ea5p thu dinh d\u01b0\u1ee1ng cho c\u00e2y tr\u1ed3ng. S\u1ea3n ph\u1ea9m c\u00f2n b\u1ed5 sung th\u00eam n\u1ea5m v\u00e0 vi khu\u1ea9n Metarhizium anisopliae, Beauveria bassiana, v\u00e0 Paecilomyces spp. c\u00f3 kh\u1ea3 n\u0103ng ph\u00f2ng tr\u1eeb sinh v\u1eadt g\u00e2y h\u1ea1i ph\u1ed5 bi\u1ebfn cho c\u00e2y c\u00e0 ph\u00ea v\u00e0 c\u00e2y tr\u1ed3ng kh\u00e1c.\">S\u1ea3n ph\u1ea9m c\u00f2n b\u1ed5 sung th\u00eam n\u1ea5m v\u00e0 vi khu\u1ea9n <em>Metarhizium anisopliae<\/em>, <em>Beauveria bassiana<\/em>, v\u00e0 <em>Paecilomyces<\/em> spp. c\u00f3 kh\u1ea3 n\u0103ng ph\u00f2ng tr\u1eeb sinh v\u1eadt g\u00e2y h\u1ea1i ph\u1ed5 bi\u1ebfn cho c\u00e2y c\u00e0 ph\u00ea v\u00e0 c\u00e2y tr\u1ed3ng kh\u00e1c.<\/span><\/div>\n<div><\/div>\n<div id=\"input_line_2\" style=\"text-align: justify;\"><strong><span id=\"input_part_0\" class=\"\" data-mention=\"\u2022 Li\u1ec1u d\u00f9ng:\">\u2022 Li\u1ec1u d\u00f9ng:<\/span><\/strong><\/div>\n<div><\/div>\n<div id=\"input_line_3\" style=\"text-align: justify;\"><span id=\"input_part_0\" class=\"\" data-mention=\" \u25e6 Phun ho\u1eb7c cho v\u00e0o h\u1ec7 th\u1ed1ng t\u01b0\u1edbi t\u1ef1 \u0111\u1ed9ng (d\u00f9ng \u0111\u1ecbnh k\u00ec 15-20 ng\u00e0y\/l\u1ea7n).\"> \u25e6 Phun ho\u1eb7c cho v\u00e0o h\u1ec7 th\u1ed1ng t\u01b0\u1edbi t\u1ef1 \u0111\u1ed9ng (d\u00f9ng \u0111\u1ecbnh k\u00ec 15-20 ng\u00e0y\/l\u1ea7n).<\/span><\/div>\n<div><\/div>\n<div id=\"input_line_4\" style=\"text-align: justify;\"><span id=\"input_part_0\" class=\"\" data-mention=\" \u25e6 Phun li\u1ec1u 500g pha trong 200 l\u00edt n\u01b0\u1edbc, phun l\u00fac tr\u1eddi r\u00e2m m\u00e1t ho\u1eb7c bu\u1ed5i chi\u1ec1u.\"> \u25e6 Phun li\u1ec1u 500g pha trong 200 l\u00edt n\u01b0\u1edbc, phun l\u00fac tr\u1eddi r\u00e2m m\u00e1t ho\u1eb7c bu\u1ed5i chi\u1ec1u.<\/span><\/div>\n<div><\/div>\n<div id=\"input_line_5\" style=\"text-align: justify;\"><span id=\"input_part_0\" class=\"\" data-mention=\" \u25e6 C\u00f3 th\u1ec3 s\u1eed d\u1ee5ng 7-10 ng\u00e0y 1 l\u1ea7n khi c\u1ea7n thi\u1ebft ki\u1ec3m so\u00e1t nhi\u1ec1u lo\u1ea1i s\u00e2u, \u0111\u1eb7c bi\u1ec7t l\u00e0 s\u00e2u \u0111\u1ee5c th\u00e2n c\u00e2y c\u00e0 ph\u00ea, s\u00e2u \u0111\u1ee5c qu\u1ea3, s\u00e2u \u0111\u1ee5c c\u00e0nh, s\u00e2u \u0111\u1ee5c qu\u1ea3 non, s\u00e2u \u0111\u1ee5c th\u00e2n non.\"> \u25e6 C\u00f3 th\u1ec3 s\u1eed d\u1ee5ng 7-10 ng\u00e0y 1 l\u1ea7n khi c\u1ea7n thi\u1ebft ki\u1ec3m so\u00e1t nhi\u1ec1u lo\u1ea1i s\u00e2u, \u0111\u1eb7c bi\u1ec7t l\u00e0 s\u00e2u \u0111\u1ee5c th\u00e2n c\u00e2y c\u00e0 ph\u00ea, s\u00e2u \u0111\u1ee5c qu\u1ea3, s\u00e2u \u0111\u1ee5c c\u00e0nh, s\u00e2u \u0111\u1ee5c qu\u1ea3 non, s\u00e2u \u0111\u1ee5c th\u00e2n non.<\/span><\/div>\n<div><\/div>\n<div>\n<div id=\"input_line_0\"><span id=\"input_part_0\" class=\"\" data-mention=\"\u2022 B\u1ea3o qu\u1ea3n: B\u1ea3o qu\u1ea3n n\u01a1i kh\u00f4 r\u00e1o, tho\u00e1ng m\u00e1t.\">\u2022 B\u1ea3o qu\u1ea3n: B\u1ea3o qu\u1ea3n n\u01a1i kh\u00f4 r\u00e1o, tho\u00e1ng m\u00e1t.<\/span><\/div>\n<div><\/div>\n<div id=\"input_line_1\"><span id=\"input_part_0\" class=\"\" data-mention=\"\u2022 Ng\u00e0y s\u1ea3n xu\u1ea5t: 1\/7\/2025. H\u1ea1n s\u1eed d\u1ee5ng: 6 th\u00e1ng. Kh\u1ed1i l\u01b0\u1ee3ng t\u1ecbnh: 500g.\"><strong>\u2022 Ng\u00e0y s\u1ea3n xu\u1ea5t:<\/strong> Xem tr\u00ean bao b\u00ec. <\/span><\/div>\n<div><\/div>\n<div><span id=\"input_part_0\" class=\"\" data-mention=\"\u2022 Ng\u00e0y s\u1ea3n xu\u1ea5t: 1\/7\/2025. H\u1ea1n s\u1eed d\u1ee5ng: 6 th\u00e1ng. Kh\u1ed1i l\u01b0\u1ee3ng t\u1ecbnh: 500g.\"><strong>\u2022 H\u1ea1n s\u1eed d\u1ee5ng:<\/strong> 6 th\u00e1ng. <\/span><\/div>\n<div><\/div>\n<div><span id=\"input_part_0\" class=\"\" data-mention=\"\u2022 Ng\u00e0y s\u1ea3n xu\u1ea5t: 1\/7\/2025. H\u1ea1n s\u1eed d\u1ee5ng: 6 th\u00e1ng. Kh\u1ed1i l\u01b0\u1ee3ng t\u1ecbnh: 500g.\"><strong>\u2022 Kh\u1ed1i l\u01b0\u1ee3ng t\u1ecbnh:<\/strong> 500g.<\/span><\/div>\n<\/div>\n<div><\/div>\n<div><strong><span id=\"input_part_0\" class=\"\" data-mention=\"\u2022 Ng\u00e0y s\u1ea3n xu\u1ea5t: 1\/7\/2025. H\u1ea1n s\u1eed d\u1ee5ng: 6 th\u00e1ng. Kh\u1ed1i l\u01b0\u1ee3ng t\u1ecbnh: 500g.\">\u2022 <\/span>Li\u00ean h\u1ec7<\/strong>:<\/div>\n<div><\/div>\n<div>\n<div id=\"input_line_2\"><strong><span id=\"input_part_0\" class=\"\" data-mention=\"\u2022 C\u00f4ng ty TNHH MIDOLI: \u0110C L\u1ea7u 2, 02-04 Alexandre de Rhodes, P. B\u1ebfn Ngh\u00e9, Qu\u1eadn 1, TP H\u1ed3 Ch\u00ed Minh. Website: www.biomidoli.com. Email: midolibiotek@gmail.com.\">C\u00f4ng ty TNHH MIDOLI<\/span><\/strong><\/div>\n<div><\/div>\n<div>\u0110\u1ecba ch\u1ec9: L\u1ea7u 2, 02-04 Alexandre de Rohdes, ph\u01b0\u1eddng S\u00e0i G\u00f2n, Th\u00e0nh ph\u1ed1 H\u1ed3 Ch\u00ed Minh<\/div>\n<div><\/div>\n<div><span id=\"input_part_0\" class=\"\" data-mention=\"\u2022 C\u00f4ng ty TNHH MIDOLI: \u0110C L\u1ea7u 2, 02-04 Alexandre de Rhodes, P. B\u1ebfn Ngh\u00e9, Qu\u1eadn 1, TP H\u1ed3 Ch\u00ed Minh. Website: www.biomidoli.com. Email: midolibiotek@gmail.com.\">Website: <span style=\"color: #0000ff;\"><a style=\"color: #0000ff;\" href=\"https:\/\/biomidoli.com\/\">www.biomidoli.com<\/a><\/span><\/span><\/div>\n<div><\/div>\n<div><span id=\"input_part_0\" class=\"\" data-mention=\"\u2022 C\u00f4ng ty TNHH MIDOLI: \u0110C L\u1ea7u 2, 02-04 Alexandre de Rhodes, P. B\u1ebfn Ngh\u00e9, Qu\u1eadn 1, TP H\u1ed3 Ch\u00ed Minh. Website: www.biomidoli.com. Email: midolibiotek@gmail.com.\"> Email: midolibiotek@gmail.com.<\/span><\/div>\n<div><\/div>\n<div id=\"input_line_3\"><span id=\"input_part_0\" class=\"\" data-mention=\"\u2022 \u0110i\u1ec7n tho\u1ea1i: 0376.455.708.\">\u0110i\u1ec7n tho\u1ea1i: 0376.455.708.<\/span><\/div>\n<\/div>\n<div id=\"input_line_8\" style=\"text-align: justify;\"><\/div>\n","protected":false},"excerpt":{"rendered":"<p>\u2022 Th\u00e0nh ph\u1ea7n: T\u1ed5ng VSV ph\u00e2n gi\u1ea3i cellulose (Bacillus sp., Streptomyces sp., Trichoderma sp.) &gt;= 10^6 CFU\/g. B\u1ed5 sung: vi sinh v\u1eadt \u0111\u1ed1i kh\u00e1ng c\u00f4n tr\u00f9ng v\u00e0 n\u1ea5m b\u1ec7nh h\u1ea1i th\u1ef1c v\u1eadt (Metarhizium anisopliae, Beauveria bassiana, Paecilomyces spp.). \u2022 C\u00f4ng d\u1ee5ng: Gi\u00fap ph\u00e2n h\u1ee7y m\u1ea1nh nhi\u1ec1u lo\u1ea1i nguy\u00ean li\u1ec7u. K\u00edch th\u00edch b\u1ed9 r\u1ec5 ph\u00e1t tri\u1ec3n [&#8230;]\n","protected":false},"featured_media":2845,"comment_status":"open","ping_status":"closed","template":"","meta":{"_acf_changed":false},"pwb-brand":[],"product_brand":[],"product_cat":[291,218],"product_tag":[],"yst_prominent_words":[],"class_list":{"0":"post-2844","1":"product","2":"type-product","3":"status-publish","4":"has-post-thumbnail","6":"product_cat-canh-tac-nong-nghiep","7":"product_cat-san-pham","9":"first","10":"instock","11":"shipping-taxable","12":"product-type-simple","13":"add-to-wishlist-after_add_to_cart"},"acf":[],"brands":[],"_links":{"self":[{"href":"https:\/\/biomidoli.com\/en\/wp-json\/wp\/v2\/product\/2844","targetHints":{"allow":["GET"]}}],"collection":[{"href":"https:\/\/biomidoli.com\/en\/wp-json\/wp\/v2\/product"}],"about":[{"href":"https:\/\/biomidoli.com\/en\/wp-json\/wp\/v2\/types\/product"}],"replies":[{"embeddable":true,"href":"https:\/\/biomidoli.com\/en\/wp-json\/wp\/v2\/comments?post=2844"}],"wp:featuredmedia":[{"embeddable":true,"href":"https:\/\/biomidoli.com\/en\/wp-json\/wp\/v2\/media\/2845"}],"wp:attachment":[{"href":"https:\/\/biomidoli.com\/en\/wp-json\/wp\/v2\/media?parent=2844"}],"wp:term":[{"taxonomy":"pwb-brand","embeddable":true,"href":"https:\/\/biomidoli.com\/en\/wp-json\/wp\/v2\/pwb-brand?post=2844"},{"taxonomy":"product_brand","embeddable":true,"href":"https:\/\/biomidoli.com\/en\/wp-json\/wp\/v2\/product_brand?post=2844"},{"taxonomy":"product_cat","embeddable":true,"href":"https:\/\/biomidoli.com\/en\/wp-json\/wp\/v2\/product_cat?post=2844"},{"taxonomy":"product_tag","embeddable":true,"href":"https:\/\/biomidoli.com\/en\/wp-json\/wp\/v2\/product_tag?post=2844"},{"taxonomy":"yst_prominent_words","embeddable":true,"href":"https:\/\/biomidoli.com\/en\/wp-json\/wp\/v2\/yst_prominent_words?post=2844"}],"curies":[{"name":"wp","href":"https:\/\/api.w.org\/{rel}","templated":true}]}}