



{"id":2849,"date":"2025-08-11T12:22:32","date_gmt":"2025-08-11T05:22:32","guid":{"rendered":"https:\/\/biomidoli.com\/?post_type=product&#038;p=2849"},"modified":"2026-01-22T17:05:21","modified_gmt":"2026-01-22T10:05:21","slug":"biomi-5-orgaferti","status":"publish","type":"product","link":"https:\/\/biomidoli.com\/en\/san-pham\/biomi-5-orgaferti\/","title":{"rendered":"Biomi 5 &#8211; Orgaferti"},"content":{"rendered":"<div id=\"input_line_0\" style=\"text-align: justify;\"><strong><span id=\"input_part_0\" class=\"\" data-mention=\". Th\u00e0nh ph\u1ea7n:\">1. Th\u00e0nh ph\u1ea7n:<\/span><\/strong><\/div>\n<div><\/div>\n<div id=\"input_line_1\" style=\"text-align: justify;\"><span id=\"input_part_0\" class=\"\" style=\"white-space: pre-wrap;\" data-mention=\" \u25e6 T\u1ed5ng VSV \u0111\u1ecbnh danh (Azotobacter sp.), Azospirillum sp., Streptomyces sp., Trichoderma sp.) &gt;= 10^8 CFU\/g.\"> \u25e6 T\u1ed5ng VSV \u0111\u1ecbnh danh (<em>Azotobacter<\/em> sp.), <em>Azospirillum<\/em> sp., <em>Streptomyces<\/em> sp., <em>Trichoderma<\/em> sp.) &gt;= 10^8 CFU\/g.<\/span><\/div>\n<div><\/div>\n<div id=\"input_line_2\" style=\"text-align: justify;\"><span id=\"input_part_0\" class=\"\" style=\"white-space: pre-wrap;\" data-mention=\" \u25e6 T\u1ed5ng vi sinh v\u1eadt \u0111\u1ed1i kh\u00e1ng n\u1ea5m g\u00e2y b\u1ec7nh (Bacillus sp., Streptomyces sp., Trichoderma sp.) &gt;= 10^8 CFU\/g.\"> \u25e6 T\u1ed5ng vi sinh v\u1eadt \u0111\u1ed1i kh\u00e1ng n\u1ea5m g\u00e2y b\u1ec7nh (<em>Bacillus<\/em> sp., <em>Streptomyces<\/em> sp., <em>Trichoderma<\/em> sp.) &gt;= 10^8 CFU\/g.<\/span><\/div>\n<div><\/div>\n<div id=\"input_line_3\" style=\"text-align: justify;\"><span id=\"input_part_0\" class=\"\" style=\"white-space: pre-wrap;\" data-mention=\" \u25e6 T\u1ed5ng vi sinh v\u1eadt ph\u00e2n gi\u1ea3i cellulose (Bacillus sp., Streptomyces sp.,) &gt;= 10^8 CFU\/g.\"> \u25e6 T\u1ed5ng vi sinh v\u1eadt ph\u00e2n gi\u1ea3i cellulose (<em>Bacillus<\/em> sp., <em>Streptomyces<\/em> sp.,) &gt;= 10^8 CFU\/g.<\/span><\/div>\n<div><\/div>\n<div id=\"input_line_4\" style=\"text-align: justify;\"><span id=\"input_part_0\" class=\"\" style=\"white-space: pre-wrap;\" data-mention=\" \u25e6 T\u1ed5ng vi sinh v\u1eadt ph\u00e2n gi\u1ea3i l\u00e2n (Bacillus sp., Aspergillus sp.,) &gt;= 10^8 CFU\/g.\"> \u25e6 T\u1ed5ng vi sinh v\u1eadt ph\u00e2n gi\u1ea3i l\u00e2n (<em>Bacillus<\/em> sp., <em>Aspergillus<\/em> sp.,) &gt;= 10^8 CFU\/g.<\/span><\/div>\n<div><\/div>\n<div id=\"input_line_5\" style=\"text-align: justify;\"><span id=\"input_part_0\" class=\"\" style=\"white-space: pre-wrap;\" data-mention=\" \u25e6 T\u1ed5ng vi sinh v\u1eadt c\u1ed1 \u0111\u1ecbnh \u0111\u1ea1m: &gt;= 10^8 CFU\/g.\"> \u25e6 T\u1ed5ng vi sinh v\u1eadt c\u1ed1 \u0111\u1ecbnh \u0111\u1ea1m: &gt;= 10^8 CFU\/g.<\/span><\/div>\n<div><\/div>\n<div id=\"input_line_6\" style=\"text-align: justify;\"><span id=\"input_part_0\" class=\"\" style=\"white-space: pre-wrap;\" data-mention=\" \u25e6 T\u1ed5ng vi sinh v\u1eadt ph\u00e2n gi\u1ea3i kali: &gt;= 10^8 CFU\/g.\"> \u25e6 T\u1ed5ng vi sinh v\u1eadt ph\u00e2n gi\u1ea3i kali: &gt;= 10^8 CFU\/g.<\/span><\/div>\n<div><\/div>\n<div id=\"input_line_7\" style=\"text-align: justify;\"><span id=\"input_part_0\" class=\"\" style=\"white-space: pre-wrap;\" data-mention=\" \u25e6 T\u1ed5ng vi sinh v\u1eadt ph\u00e2n gi\u1ea3i cellulose (Bacillus sp., Trichoderma sp.,) &gt;= 10^8 CFU\/g.\"> \u25e6 T\u1ed5ng vi sinh v\u1eadt ph\u00e2n gi\u1ea3i cellulose (<em>Bacillus<\/em> sp., <em>Trichoderma<\/em> sp.,) &gt;= 10^8 CFU\/g.<\/span><\/div>\n<div><\/div>\n<div id=\"input_line_8\" style=\"text-align: justify;\"><span id=\"input_part_0\" class=\"\" data-mention=\" \u25e6 T\u1ed5ng vi sinh v\u1eadt c\u1ed1 \u0111\u1ecbnh \u0111\u1ea1m.\"> \u25e6 T\u1ed5ng vi sinh v\u1eadt c\u1ed1 \u0111\u1ecbnh \u0111\u1ea1m.<\/span><\/div>\n<div><\/div>\n<div id=\"input_line_9\" style=\"text-align: justify;\"><span id=\"input_part_0\" class=\"\" data-mention=\" \u25e6 T\u1ed5ng vi sinh v\u1eadt ph\u00e2n gi\u1ea3i l\u00e2n.\"> \u25e6 T\u1ed5ng vi sinh v\u1eadt ph\u00e2n gi\u1ea3i l\u00e2n.<\/span><\/div>\n<div><\/div>\n<div id=\"input_line_10\" style=\"text-align: justify;\"><span id=\"input_part_0\" class=\"\" data-mention=\" \u25e6 T\u1ed5ng vi sinh v\u1eadt ph\u00e2n gi\u1ea3i kali.\"> \u25e6 T\u1ed5ng vi sinh v\u1eadt ph\u00e2n gi\u1ea3i kali.<\/span><\/div>\n<div><\/div>\n<div id=\"input_line_11\" style=\"text-align: justify;\"><span id=\"input_part_0\" class=\"\" data-mention=\" \u25e6 \u0110\u1ed9 \u1ea9m kh\u00f4ng l\u1edbn h\u01a1n 5%.\"> \u25e6 \u0110\u1ed9 \u1ea9m kh\u00f4ng l\u1edbn h\u01a1n 5%.<\/span><\/div>\n<div><\/div>\n<div id=\"input_line_12\" style=\"text-align: justify;\"><strong><span id=\"input_part_0\" class=\"\" data-mention=\"\u2022 2. C\u00f4ng d\u1ee5ng:\">2. C\u00f4ng d\u1ee5ng:<\/span><\/strong><\/div>\n<div><\/div>\n<div id=\"input_line_13\" style=\"text-align: justify;\"><span id=\"input_part_0\" class=\"\" data-mention=\" \u25e6 BIOMI OrgaFerti l\u00e0 s\u1ea3n ph\u1ea9m vi sinh \u0111\u01b0\u1ee3c nghi\u00ean c\u1ee9u v\u00e0 \u1ee9ng d\u1ee5ng trong canh t\u00e1c n\u00f4ng nghi\u1ec7p theo h\u01b0\u1edbng h\u1eefu c\u01a1, nh\u1eb1m t\u1ed1i \u01b0u h\u00f3a qu\u00e1 tr\u00ecnh h\u1ea5p thu dinh d\u01b0\u1ee1ng v\u00e0 b\u1ea3o v\u1ec7 c\u00e2y tr\u1ed3ng kh\u1ecfi c\u00e1c t\u00e1c nh\u00e2n g\u00e2y h\u1ea1i.\"> \u25e6 BIOMI OrgaFerti l\u00e0 s\u1ea3n ph\u1ea9m vi sinh \u0111\u01b0\u1ee3c nghi\u00ean c\u1ee9u v\u00e0 \u1ee9ng d\u1ee5ng trong canh t\u00e1c n\u00f4ng nghi\u1ec7p theo h\u01b0\u1edbng h\u1eefu c\u01a1, nh\u1eb1m t\u1ed1i \u01b0u h\u00f3a qu\u00e1 tr\u00ecnh h\u1ea5p thu dinh d\u01b0\u1ee1ng v\u00e0 b\u1ea3o v\u1ec7 c\u00e2y tr\u1ed3ng kh\u1ecfi c\u00e1c t\u00e1c nh\u00e2n g\u00e2y h\u1ea1i.<\/span><\/div>\n<div><\/div>\n<div id=\"input_line_14\" style=\"text-align: justify;\"><span id=\"input_part_0\" class=\"\" data-mention=\" \u25e6 S\u1ea3n ph\u1ea9m ch\u1ee9a c\u00e1c ch\u1ee7ng vi sinh v\u1eadt \u0111\u1ed1i kh\u00e1ng n\u1ea5m b\u1ec7nh, vi khu\u1ea9n c\u1ed1 \u0111\u1ecbnh \u0111\u1ea1m, ph\u00e2n gi\u1ea3i l\u00e2n, kali, cellulose, sinh ch\u1ea5t k\u00edch th\u00edch sinh tr\u01b0\u1edfng, gi\u00fap ph\u00e2n h\u1ee7y ch\u1ea5t h\u1eefu c\u01a1, chuy\u1ec3n h\u00f3a dinh d\u01b0\u1ee1ng, t\u0103ng c\u01b0\u1eddng kh\u1ea3 n\u0103ng h\u1ea5p thu c\u00e1c ch\u1ea5t dinh d\u01b0\u1ee1ng, ph\u00f2ng tr\u1eeb b\u1ec7nh c\u00e2y.\"> \u25e6 S\u1ea3n ph\u1ea9m ch\u1ee9a c\u00e1c ch\u1ee7ng vi sinh v\u1eadt \u0111\u1ed1i kh\u00e1ng n\u1ea5m b\u1ec7nh, vi khu\u1ea9n c\u1ed1 \u0111\u1ecbnh \u0111\u1ea1m, ph\u00e2n gi\u1ea3i l\u00e2n, kali, cellulose, sinh ch\u1ea5t k\u00edch th\u00edch sinh tr\u01b0\u1edfng, gi\u00fap ph\u00e2n h\u1ee7y ch\u1ea5t h\u1eefu c\u01a1, chuy\u1ec3n h\u00f3a dinh d\u01b0\u1ee1ng, t\u0103ng c\u01b0\u1eddng kh\u1ea3 n\u0103ng h\u1ea5p thu c\u00e1c ch\u1ea5t dinh d\u01b0\u1ee1ng, ph\u00f2ng tr\u1eeb b\u1ec7nh c\u00e2y.<\/span><\/div>\n<div><\/div>\n<div id=\"input_line_15\" style=\"text-align: justify;\"><span id=\"input_part_0\" class=\"\" data-mention=\" \u25e6 \u0110\u1eb7c bi\u1ec7t hi\u1ec7u qu\u1ea3 tr\u00ean c\u00e1c lo\u1ea1i c\u00e2y \u0103n tr\u00e1i nh\u01b0: s\u1ea7u ri\u00eang, cam, b\u01b0\u1edfi, nh\u00e3n, thanh long, v.v. v\u00e0 c\u00e1c lo\u1ea1i rau m\u00e0u, hoa m\u00e0u.\"> \u25e6 \u0110\u1eb7c bi\u1ec7t hi\u1ec7u qu\u1ea3 tr\u00ean c\u00e1c lo\u1ea1i c\u00e2y \u0103n tr\u00e1i nh\u01b0: s\u1ea7u ri\u00eang, cam, b\u01b0\u1edfi, nh\u00e3n, thanh long, v.v. v\u00e0 c\u00e1c lo\u1ea1i rau m\u00e0u, hoa m\u00e0u.<\/span><\/div>\n<div><\/div>\n<div id=\"input_line_16\" style=\"text-align: justify;\"><span id=\"input_part_0\" class=\"\" data-mention=\" \u25e6 Gi\u00fap t\u0103ng c\u01b0\u1eddng s\u1ee9c \u0111\u1ec1 kh\u00e1ng cho c\u00e2y tr\u1ed3ng, h\u1ea1n ch\u1ebf s\u1eed d\u1ee5ng thu\u1ed1c BVTV ho\u00e1 h\u1ecdc, g\u00f3p ph\u1ea7n b\u1ea3o v\u1ec7 m\u00f4i tr\u01b0\u1eddng v\u00e0 s\u1ee9c kho\u1ebb con ng\u01b0\u1eddi.\"> \u25e6 Gi\u00fap t\u0103ng c\u01b0\u1eddng s\u1ee9c \u0111\u1ec1 kh\u00e1ng cho c\u00e2y tr\u1ed3ng, h\u1ea1n ch\u1ebf s\u1eed d\u1ee5ng thu\u1ed1c BVTV ho\u00e1 h\u1ecdc, g\u00f3p ph\u1ea7n b\u1ea3o v\u1ec7 m\u00f4i tr\u01b0\u1eddng v\u00e0 s\u1ee9c kho\u1ebb con ng\u01b0\u1eddi.<\/span><\/div>\n<div><\/div>\n<div id=\"input_line_17\" style=\"text-align: justify;\"><span id=\"input_part_0\" class=\"\" data-mention=\" \u25e6 S\u1ea3n ph\u1ea9m c\u00f3 th\u1ec3 d\u00f9ng chung v\u1edbi c\u00e1c lo\u1ea1i ph\u00e2n b\u00f3n v\u00e0 thu\u1ed1c BVTV kh\u00e1c.\"> \u25e6 S\u1ea3n ph\u1ea9m c\u00f3 th\u1ec3 d\u00f9ng chung v\u1edbi c\u00e1c lo\u1ea1i ph\u00e2n b\u00f3n v\u00e0 thu\u1ed1c BVTV kh\u00e1c.<\/span><\/div>\n<div><\/div>\n<div id=\"input_line_18\" style=\"text-align: justify;\"><strong><span id=\"input_part_0\" class=\"\" data-mention=\"\u2022 3. C\u00e1ch s\u1eed d\u1ee5ng:\">3. C\u00e1ch s\u1eed d\u1ee5ng:<\/span><\/strong><\/div>\n<div><\/div>\n<div id=\"input_line_19\" style=\"text-align: justify;\"><span id=\"input_part_0\" class=\"\" data-mention=\" \u25e6 Pha lo\u00e3ng s\u1ea3n ph\u1ea9m v\u1edbi n\u01b0\u1edbc theo t\u1ec9 l\u1ec7 \u0111\u01b0\u1ee3c khuy\u1ebfn ngh\u1ecb.\"> \u25e6 Pha lo\u00e3ng s\u1ea3n ph\u1ea9m v\u1edbi n\u01b0\u1edbc theo t\u1ec9 l\u1ec7 \u0111\u01b0\u1ee3c khuy\u1ebfn ngh\u1ecb.<\/span><\/div>\n<div><\/div>\n<div id=\"input_line_20\" style=\"text-align: justify;\"><span id=\"input_part_0\" class=\"\" data-mention=\" \u25e6 T\u01b0\u1edbi v\u00e0o g\u1ed1c ho\u1eb7c phun \u0111\u1ec1u l\u00ean c\u00e2y.\"> \u25e6 T\u01b0\u1edbi v\u00e0o g\u1ed1c ho\u1eb7c phun \u0111\u1ec1u l\u00ean c\u00e2y.<\/span><\/div>\n<div><\/div>\n<div id=\"input_line_21\" style=\"text-align: justify;\"><span id=\"input_part_0\" class=\"\" data-mention=\" \u25e6 C\u00f3 th\u1ec3 d\u00f9ng \u0111\u1ecbnh k\u1ef3 15-20 ng\u00e0y\/l\u1ea7n.\"> \u25e6 C\u00f3 th\u1ec3 d\u00f9ng \u0111\u1ecbnh k\u1ef3 15-20 ng\u00e0y\/l\u1ea7n.<\/span><\/div>\n<div><\/div>\n<div id=\"input_line_22\" style=\"text-align: justify;\"><span id=\"input_part_0\" class=\"\" data-mention=\" \u25e6 D\u00f9ng li\u1ec1u 500g cho 1000 l\u00edt n\u01b0\u1edbc, ho\u1eb7c 500g tr\u1ed9n v\u1edbi 1000kg ph\u00e2n b\u00f3n ho\u1eb7c 500g tr\u1ed9n v\u1edbi \u0111\u1ea5t.\"> \u25e6 D\u00f9ng li\u1ec1u 500g cho 1000 l\u00edt n\u01b0\u1edbc, ho\u1eb7c 500g tr\u1ed9n v\u1edbi 1000kg ph\u00e2n b\u00f3n ho\u1eb7c 500g tr\u1ed9n v\u1edbi \u0111\u1ea5t.<\/span><\/div>\n<div><\/div>\n<div id=\"input_line_23\" style=\"text-align: justify;\"><span id=\"input_part_0\" class=\"\" data-mention=\" \u25e6 T\u01b0\u1edbi tr\u1ef1c ti\u1ebfp v\u00e0o g\u1ed1c c\u00e2y ho\u1eb7c phun \u0111\u1ec1u l\u00ean l\u00e1.\"> \u25e6 T\u01b0\u1edbi tr\u1ef1c ti\u1ebfp v\u00e0o g\u1ed1c c\u00e2y ho\u1eb7c phun \u0111\u1ec1u l\u00ean l\u00e1.<\/span><\/div>\n<div><\/div>\n<div id=\"input_line_24\" style=\"text-align: justify;\"><span id=\"input_part_0\" class=\"\" data-mention=\" \u25e6 \u0110\u1ed1i v\u1edbi c\u00e2y tr\u1ed3ng non, d\u00f9ng li\u1ec1u 200-300g cho 1000 l\u00edt n\u01b0\u1edbc. \u0110\u1ed1i v\u1edbi c\u00e2y tr\u1ed3ng tr\u01b0\u1edfng th\u00e0nh, d\u00f9ng li\u1ec1u 500g cho 1000 l\u00edt n\u01b0\u1edbc.\"> \u25e6 \u0110\u1ed1i v\u1edbi c\u00e2y tr\u1ed3ng non, d\u00f9ng li\u1ec1u 200-300g cho 1000 l\u00edt n\u01b0\u1edbc. \u0110\u1ed1i v\u1edbi c\u00e2y tr\u1ed3ng tr\u01b0\u1edfng th\u00e0nh, d\u00f9ng li\u1ec1u 500g cho 1000 l\u00edt n\u01b0\u1edbc.<\/span><\/div>\n<div><\/div>\n<div id=\"input_line_25\" style=\"text-align: justify;\"><span id=\"input_part_0\" class=\"\" data-mention=\" \u25e6 Li\u1ec1u d\u00f9ng khuy\u1ebfn ngh\u1ecb: D\u00f9ng 500g cho 1000 l\u00edt n\u01b0\u1edbc.\"> \u25e6 Li\u1ec1u d\u00f9ng khuy\u1ebfn ngh\u1ecb: D\u00f9ng 500g cho 1000 l\u00edt n\u01b0\u1edbc.<\/span><\/div>\n<div><\/div>\n<div id=\"input_line_26\" style=\"text-align: justify;\"><span id=\"input_part_0\" class=\"\" data-mention=\" \u25e6 S\u1eed d\u1ee5ng \u0111\u1ecbnh k\u1ef3 15-20 ng\u00e0y\/l\u1ea7n.\"> \u25e6 S\u1eed d\u1ee5ng \u0111\u1ecbnh k\u1ef3 15-20 ng\u00e0y\/l\u1ea7n.<\/span><\/div>\n<div><\/div>\n<div id=\"input_line_27\" style=\"text-align: justify;\"><span id=\"input_part_0\" class=\"\" data-mention=\" \u25e6 \u0110\u1ed1i v\u1edbi c\u00e2y \u0103n tr\u00e1i, pha 500g cho 1000 l\u00edt n\u01b0\u1edbc, t\u01b0\u1edbi v\u00e0o g\u1ed1c ho\u1eb7c phun \u0111\u1ec1u l\u00ean t\u00e1n l\u00e1.\"> \u25e6 \u0110\u1ed1i v\u1edbi c\u00e2y \u0103n tr\u00e1i, pha 500g cho 1000 l\u00edt n\u01b0\u1edbc, t\u01b0\u1edbi v\u00e0o g\u1ed1c ho\u1eb7c phun \u0111\u1ec1u l\u00ean t\u00e1n l\u00e1.<\/span><\/div>\n<div><\/div>\n<div id=\"input_line_28\" style=\"text-align: justify;\"><span id=\"input_part_0\" class=\"\" data-mention=\" \u25e6 \u0110\u1ed1i v\u1edbi rau m\u00e0u, hoa m\u00e0u, pha 200-300g cho 1000 l\u00edt n\u01b0\u1edbc, phun \u0111\u1ec1u l\u00ean c\u00e2y.\"> \u25e6 \u0110\u1ed1i v\u1edbi rau m\u00e0u, hoa m\u00e0u, pha 200-300g cho 1000 l\u00edt n\u01b0\u1edbc, phun \u0111\u1ec1u l\u00ean c\u00e2y<\/span><\/div>\n<div><\/div>\n<div id=\"input_line_29\" style=\"text-align: justify;\"><span id=\"input_part_0\" class=\"\" data-mention=\"\u2022 4. Th\u1ec3 t\u00edch: 5 l\u00edt.\"><strong>4. Th\u1ec3 t\u00edch: 5 l\u00edt.<\/strong><\/span><\/div>\n<div><\/div>\n<div id=\"input_line_30\" style=\"text-align: justify;\"><span id=\"input_part_0\" class=\"\" data-mention=\"\u2022 5. Ng\u00e0y s\u1ea3n xu\u1ea5t: 1\/1\/2022. H\u1ea1n s\u1eed d\u1ee5ng: 6 th\u00e1ng.\"><strong>5. Ng\u00e0y s\u1ea3n xu\u1ea5t:<\/strong> Xem tr\u00ean bao b\u00ec.<\/span><\/div>\n<div><\/div>\n<div id=\"input_line_31\" style=\"text-align: justify;\"><span id=\"input_part_0\" class=\"\" data-mention=\"\u2022 6. H\u1ea1n s\u1eed d\u1ee5ng: 6 th\u00e1ng.\"><strong>6. H\u1ea1n s\u1eed d\u1ee5ng:<\/strong> 6 th\u00e1ng.<\/span><\/div>\n<div><\/div>\n<div><strong>Li\u00ean h\u1ec7:<\/strong><\/div>\n<div><\/div>\n<div id=\"input_line_32\" style=\"text-align: justify;\"><strong><span id=\"input_part_0\" class=\"\" data-mention=\"\u2022 C\u00f4ng ty TNHH MIDOLI: \u0110C L\u1ea7u 2, 02-04 Alexandre de Rhodes, P. B\u1ebfn Ngh\u00e9, Qu\u1eadn 1, TP H\u1ed3 Ch\u00ed Minh. Website: www.biomidoli.com. Email: midolibiotek@gmail.com.\">C\u00f4ng ty TNHH MIDOLI<\/span><\/strong><\/div>\n<div><\/div>\n<div style=\"text-align: justify;\"><span id=\"input_part_0\" class=\"\" data-mention=\"\u2022 C\u00f4ng ty TNHH MIDOLI: \u0110C L\u1ea7u 2, 02-04 Alexandre de Rhodes, P. B\u1ebfn Ngh\u00e9, Qu\u1eadn 1, TP H\u1ed3 Ch\u00ed Minh. Website: www.biomidoli.com. Email: midolibiotek@gmail.com\">\u0110\u1ecba ch\u1ec9:\u00a0L\u1ea7u 2, 02-04 Alexandre de Rohdes, ph\u01b0\u1eddng S\u00e0i G\u00f2n, Th\u00e0nh ph\u1ed1 H\u1ed3 Ch\u00ed Minh<\/span><\/div>\n<div><\/div>\n<div style=\"text-align: justify;\"><span id=\"input_part_0\" class=\"\" data-mention=\"\u2022 C\u00f4ng ty TNHH MIDOLI: \u0110C L\u1ea7u 2, 02-04 Alexandre de Rhodes, P. B\u1ebfn Ngh\u00e9, Qu\u1eadn 1, TP H\u1ed3 Ch\u00ed Minh. Website: www.biomidoli.com. Email: midolibiotek@gmail.com.\">Website: <span style=\"color: #0000ff;\">www.biomidoli.com<\/span><\/span><\/div>\n<div><\/div>\n<div style=\"text-align: justify;\"><span id=\"input_part_0\" class=\"\" data-mention=\"\u2022 C\u00f4ng ty TNHH MIDOLI: \u0110C L\u1ea7u 2, 02-04 Alexandre de Rhodes, P. B\u1ebfn Ngh\u00e9, Qu\u1eadn 1, TP H\u1ed3 Ch\u00ed Minh. Website: www.biomidoli.com. Email: midolibiotek@gmail.com.\">Email: midolibiotek@gmail.com<\/span><\/div>\n<div><\/div>\n<div>S\u1ed1 \u0111i\u1ec7n tho\u1ea1i: 0376. 455. 708<\/div>\n","protected":false},"excerpt":{"rendered":"<p>1. Th\u00e0nh ph\u1ea7n: \u25e6 T\u1ed5ng VSV \u0111\u1ecbnh danh (Azotobacter sp.), Azospirillum sp., Streptomyces sp., Trichoderma sp.) &gt;= 10^8 CFU\/g. \u25e6 T\u1ed5ng vi sinh v\u1eadt \u0111\u1ed1i kh\u00e1ng n\u1ea5m g\u00e2y b\u1ec7nh (Bacillus sp., Streptomyces sp., Trichoderma sp.) &gt;= 10^8 CFU\/g. \u25e6 T\u1ed5ng vi sinh v\u1eadt ph\u00e2n gi\u1ea3i cellulose (Bacillus sp., Streptomyces sp.,) &gt;= 10^8 CFU\/g. \u25e6 T\u1ed5ng [&#8230;]\n","protected":false},"featured_media":2850,"comment_status":"open","ping_status":"closed","template":"","meta":{"_acf_changed":false},"pwb-brand":[],"product_brand":[],"product_cat":[291,218],"product_tag":[],"yst_prominent_words":[],"class_list":{"0":"post-2849","1":"product","2":"type-product","3":"status-publish","4":"has-post-thumbnail","6":"product_cat-canh-tac-nong-nghiep","7":"product_cat-san-pham","9":"first","10":"instock","11":"shipping-taxable","12":"product-type-simple","13":"add-to-wishlist-after_add_to_cart"},"acf":[],"brands":[],"_links":{"self":[{"href":"https:\/\/biomidoli.com\/en\/wp-json\/wp\/v2\/product\/2849","targetHints":{"allow":["GET"]}}],"collection":[{"href":"https:\/\/biomidoli.com\/en\/wp-json\/wp\/v2\/product"}],"about":[{"href":"https:\/\/biomidoli.com\/en\/wp-json\/wp\/v2\/types\/product"}],"replies":[{"embeddable":true,"href":"https:\/\/biomidoli.com\/en\/wp-json\/wp\/v2\/comments?post=2849"}],"wp:featuredmedia":[{"embeddable":true,"href":"https:\/\/biomidoli.com\/en\/wp-json\/wp\/v2\/media\/2850"}],"wp:attachment":[{"href":"https:\/\/biomidoli.com\/en\/wp-json\/wp\/v2\/media?parent=2849"}],"wp:term":[{"taxonomy":"pwb-brand","embeddable":true,"href":"https:\/\/biomidoli.com\/en\/wp-json\/wp\/v2\/pwb-brand?post=2849"},{"taxonomy":"product_brand","embeddable":true,"href":"https:\/\/biomidoli.com\/en\/wp-json\/wp\/v2\/product_brand?post=2849"},{"taxonomy":"product_cat","embeddable":true,"href":"https:\/\/biomidoli.com\/en\/wp-json\/wp\/v2\/product_cat?post=2849"},{"taxonomy":"product_tag","embeddable":true,"href":"https:\/\/biomidoli.com\/en\/wp-json\/wp\/v2\/product_tag?post=2849"},{"taxonomy":"yst_prominent_words","embeddable":true,"href":"https:\/\/biomidoli.com\/en\/wp-json\/wp\/v2\/yst_prominent_words?post=2849"}],"curies":[{"name":"wp","href":"https:\/\/api.w.org\/{rel}","templated":true}]}}