



{"id":2852,"date":"2025-08-11T12:28:29","date_gmt":"2025-08-11T05:28:29","guid":{"rendered":"https:\/\/biomidoli.com\/?post_type=product&#038;p=2852"},"modified":"2026-01-22T17:05:47","modified_gmt":"2026-01-22T10:05:47","slug":"biomi-6-procompost","status":"publish","type":"product","link":"https:\/\/biomidoli.com\/en\/san-pham\/biomi-6-procompost\/","title":{"rendered":"Biomi 6 &#8211; ProCompost"},"content":{"rendered":"<div id=\"input_line_0\"><strong><span id=\"input_part_0\" class=\"\" data-mention=\"1. Th\u00e0nh ph\u1ea7n:\">1. Th\u00e0nh ph\u1ea7n:<\/span><\/strong><\/div>\n<div><\/div>\n<div id=\"input_line_1\"><span id=\"input_part_0\" class=\"\" style=\"white-space: pre-wrap;\" data-mention=\" \u25e6 T\u1ed5ng vi sinh v\u1eadt ph\u00e2n gi\u1ea3i cellulose (Vermibase sp.,) &gt;= 10^8 CFU\/ml.\"> \u25e6 T\u1ed5ng vi sinh v\u1eadt ph\u00e2n gi\u1ea3i cellulose (<em>Vermibase<\/em> sp.,) &gt;= 10^8 CFU\/ml.<\/span><\/div>\n<div><\/div>\n<div id=\"input_line_2\"><span id=\"input_part_0\" class=\"\" data-mention=\"\u2022 2. C\u00f4ng d\u1ee5ng:\"><strong>2. C\u00f4ng d\u1ee5ng:<\/strong><\/span><\/div>\n<div><\/div>\n<div id=\"input_line_3\"><span id=\"input_part_0\" class=\"\" data-mention=\" \u25e6 Ch\u1ebf ph\u1ea9m Biomi 6 - ProCompost l\u00e0 h\u1ed7n h\u1ee3p ch\u1ee9a c\u00e1c ch\u1ee7ng vi sinh v\u1eadt ch\u1ee7 y\u1ebfu \u0111\u1ec3 ph\u00e2n h\u1ee7y nhanh ch\u00f3ng c\u00e1c ch\u1ea5t h\u1eefu c\u01a1, t\u1ea1o ph\u00e2n compost gi\u00e0u dinh d\u01b0\u1ee1ng cho c\u00e2y tr\u1ed3ng.\"> \u25e6 Ch\u1ebf ph\u1ea9m Biomi 6 &#8211; ProCompost l\u00e0 h\u1ed7n h\u1ee3p ch\u1ee9a c\u00e1c ch\u1ee7ng vi sinh v\u1eadt ch\u1ee7 y\u1ebfu \u0111\u1ec3 ph\u00e2n h\u1ee7y nhanh ch\u00f3ng c\u00e1c ch\u1ea5t h\u1eefu c\u01a1, t\u1ea1o ph\u00e2n compost gi\u00e0u dinh d\u01b0\u1ee1ng cho c\u00e2y tr\u1ed3ng.<\/span><\/div>\n<div><\/div>\n<div id=\"input_line_4\"><span id=\"input_part_0\" class=\"\" data-mention=\" \u25e6 S\u1ea3n ph\u1ea9m gi\u00fap ph\u00e2n h\u1ee7y c\u00e1c lo\u1ea1i r\u00e1c th\u1ea3i h\u1eefu c\u01a1, l\u00e1 c\u00e2y, x\u00e1c b\u00e3 th\u1ef1c v\u1eadt, ph\u00e2n chu\u1ed3ng th\u00e0nh ph\u00e2n b\u00f3n h\u1eefu c\u01a1 gi\u00e0u dinh d\u01b0\u1ee1ng.\"> \u25e6 S\u1ea3n ph\u1ea9m gi\u00fap ph\u00e2n h\u1ee7y c\u00e1c lo\u1ea1i r\u00e1c th\u1ea3i h\u1eefu c\u01a1, l\u00e1 c\u00e2y, x\u00e1c b\u00e3 th\u1ef1c v\u1eadt, ph\u00e2n chu\u1ed3ng th\u00e0nh ph\u00e2n b\u00f3n h\u1eefu c\u01a1 gi\u00e0u dinh d\u01b0\u1ee1ng.<\/span><\/div>\n<div><\/div>\n<div id=\"input_line_5\"><span id=\"input_part_0\" class=\"\" data-mention=\" \u25e6 Gi\u00fap gi\u1ea3m m\u00f9i h\u00f4i, ti\u00eau di\u1ec7t m\u1ea7m b\u1ec7nh, c\u00f4n tr\u00f9ng g\u00e2y h\u1ea1i trong qu\u00e1 tr\u00ecnh \u1ee7 ph\u00e2n.\"> \u25e6 Gi\u00fap gi\u1ea3m m\u00f9i h\u00f4i, ti\u00eau di\u1ec7t m\u1ea7m b\u1ec7nh, c\u00f4n tr\u00f9ng g\u00e2y h\u1ea1i trong qu\u00e1 tr\u00ecnh \u1ee7 ph\u00e2n.<\/span><\/div>\n<div><\/div>\n<div id=\"input_line_6\"><span id=\"input_part_0\" class=\"\" data-mention=\" \u25e6 Cung c\u1ea5p c\u00e1c vi sinh v\u1eadt c\u00f3 l\u1ee3i cho \u0111\u1ea5t v\u00e0 c\u00e2y tr\u1ed3ng, gi\u00fap t\u0103ng c\u01b0\u1eddng \u0111\u1ed9 ph\u00ec nhi\u00eau c\u1ee7a \u0111\u1ea5t.\"> \u25e6 Cung c\u1ea5p c\u00e1c vi sinh v\u1eadt c\u00f3 l\u1ee3i cho \u0111\u1ea5t v\u00e0 c\u00e2y tr\u1ed3ng, gi\u00fap t\u0103ng c\u01b0\u1eddng \u0111\u1ed9 ph\u00ec nhi\u00eau c\u1ee7a \u0111\u1ea5t.<\/span><\/div>\n<div><\/div>\n<div id=\"input_line_7\"><span id=\"input_part_0\" class=\"\" data-mention=\" \u25e6 S\u1ea3n ph\u1ea9m Biomi 6 - ProCompost c\u00f3 th\u1ec3 d\u00f9ng cho c\u00e1c lo\u1ea1i c\u00e2y tr\u1ed3ng v\u00e0 v\u1eadt nu\u00f4i.\"> \u25e6 S\u1ea3n ph\u1ea9m Biomi 6 &#8211; ProCompost c\u00f3 th\u1ec3 d\u00f9ng cho c\u00e1c lo\u1ea1i c\u00e2y tr\u1ed3ng v\u00e0 v\u1eadt nu\u00f4i.<\/span><\/div>\n<div><\/div>\n<div id=\"input_line_8\"><span id=\"input_part_0\" class=\"\" data-mention=\" \u25e6 S\u1ea3n ph\u1ea9m an to\u00e0n cho con ng\u01b0\u1eddi v\u00e0 m\u00f4i tr\u01b0\u1eddng.\"> \u25e6 S\u1ea3n ph\u1ea9m an to\u00e0n cho con ng\u01b0\u1eddi v\u00e0 m\u00f4i tr\u01b0\u1eddng.<\/span><\/div>\n<div><\/div>\n<div id=\"input_line_9\"><strong><span id=\"input_part_0\" class=\"\" data-mention=\"\u2022 3. H\u01b0\u1edbng d\u1eabn s\u1eed d\u1ee5ng:\">3. H\u01b0\u1edbng d\u1eabn s\u1eed d\u1ee5ng:<\/span><\/strong><\/div>\n<div><\/div>\n<div id=\"input_line_10\"><span id=\"input_part_0\" class=\"\" data-mention=\" \u25e6 D\u00f9ng ngay v\u00e0 kh\u00f4ng c\u1ea7n pha lo\u00e3ng.\"> \u25e6 D\u00f9ng ngay v\u00e0 kh\u00f4ng c\u1ea7n pha lo\u00e3ng.<\/span><\/div>\n<div><\/div>\n<div id=\"input_line_11\"><span id=\"input_part_0\" class=\"\" data-mention=\" \u25e6 Pha 1 l\u00edt Biomi 6 - ProCompost v\u1edbi 100 l\u00edt n\u01b0\u1edbc, ho\u1eb7c tr\u1ed9n \u0111\u1ec1u v\u1edbi 500kg ch\u1ea5t th\u1ea3i h\u1eefu c\u01a1.\"> \u25e6 Pha 1 l\u00edt Biomi 6 &#8211; ProCompost v\u1edbi 100 l\u00edt n\u01b0\u1edbc, ho\u1eb7c tr\u1ed9n \u0111\u1ec1u v\u1edbi 500kg ch\u1ea5t th\u1ea3i h\u1eefu c\u01a1.<\/span><\/div>\n<div><\/div>\n<div id=\"input_line_12\"><span id=\"input_part_0\" class=\"\" data-mention=\" \u25e6 T\u01b0\u1edbi \u0111\u1ec1u l\u00ean \u0111\u1ed1ng \u1ee7 ho\u1eb7c tr\u1ed9n \u0111\u1ec1u v\u00e0o nguy\u00ean li\u1ec7u.\"> \u25e6 T\u01b0\u1edbi \u0111\u1ec1u l\u00ean \u0111\u1ed1ng \u1ee7 ho\u1eb7c tr\u1ed9n \u0111\u1ec1u v\u00e0o nguy\u00ean li\u1ec7u.<\/span><\/div>\n<div><\/div>\n<div id=\"input_line_13\"><span id=\"input_part_0\" class=\"\" data-mention=\" \u25e6 \u0110\u1ea3o \u0111\u1ec1u \u0111\u1ed1ng \u1ee7 m\u1ed7i 3-5 ng\u00e0y\/l\u1ea7n \u0111\u1ec3 cung c\u1ea5p oxy.\"> \u25e6 \u0110\u1ea3o \u0111\u1ec1u \u0111\u1ed1ng \u1ee7 m\u1ed7i 3-5 ng\u00e0y\/l\u1ea7n \u0111\u1ec3 cung c\u1ea5p oxy.<\/span><\/div>\n<div><\/div>\n<div id=\"input_line_14\"><span id=\"input_part_0\" class=\"\" data-mention=\" \u25e6 Sau 2-3 tu\u1ea7n, ph\u00e2n compost c\u00f3 th\u1ec3 s\u1eed d\u1ee5ng.\"> \u25e6 Sau 2-3 tu\u1ea7n, ph\u00e2n compost c\u00f3 th\u1ec3 s\u1eed d\u1ee5ng.<\/span><\/div>\n<div><\/div>\n<div id=\"input_line_15\"><span id=\"input_part_0\" class=\"\" data-mention=\" \u25e6 \u0110\u1ed1i v\u1edbi c\u00e2y tr\u1ed3ng, d\u00f9ng 1-2 l\u00edt ph\u00e2n compost cho m\u1ed7i c\u00e2y.\"> \u25e6 \u0110\u1ed1i v\u1edbi c\u00e2y tr\u1ed3ng, d\u00f9ng 1-2 l\u00edt ph\u00e2n compost cho m\u1ed7i c\u00e2y.<\/span><\/div>\n<div><\/div>\n<div id=\"input_line_16\"><span id=\"input_part_0\" class=\"\" data-mention=\" \u25e6 \u0110\u1ed1i v\u1edbi \u0111\u1ea5t tr\u1ed3ng, d\u00f9ng 200-300 l\u00edt ph\u00e2n compost cho m\u1ed7i 1000m2 \u0111\u1ea5t.\"> \u25e6 \u0110\u1ed1i v\u1edbi \u0111\u1ea5t tr\u1ed3ng, d\u00f9ng 200-300 l\u00edt ph\u00e2n compost cho m\u1ed7i 1000m2 \u0111\u1ea5t.<\/span><\/div>\n<div><\/div>\n<div id=\"input_line_17\"><span id=\"input_part_0\" class=\"\" data-mention=\" \u25e6 L\u01b0u \u00fd: Kh\u00f4ng d\u00f9ng chung v\u1edbi c\u00e1c lo\u1ea1i thu\u1ed1c di\u1ec7t n\u1ea5m, thu\u1ed1c tr\u1eeb s\u00e2u h\u00f3a h\u1ecdc.\"> \u25e6 L\u01b0u \u00fd: Kh\u00f4ng d\u00f9ng chung v\u1edbi c\u00e1c lo\u1ea1i thu\u1ed1c di\u1ec7t n\u1ea5m, thu\u1ed1c tr\u1eeb s\u00e2u h\u00f3a h\u1ecdc.<\/span><\/div>\n<div><\/div>\n<div id=\"input_line_18\"><span id=\"input_part_0\" class=\"\" data-mention=\"\u2022 4. Th\u1ec3 t\u00edch: 25L.\"><strong>4. Th\u1ec3 t\u00edch:<\/strong> 25L.<\/span><\/div>\n<div><\/div>\n<div id=\"input_line_19\"><span id=\"input_part_0\" class=\"\" data-mention=\"\u2022 5. Ng\u00e0y s\u1ea3n xu\u1ea5t: 1\/1\/2022. H\u1ea1n s\u1eed d\u1ee5ng: 6 th\u00e1ng.\"><strong>5. Ng\u00e0y s\u1ea3n xu\u1ea5t:<\/strong> Xem tr\u00ean bao b\u00ec<\/span><\/div>\n<div><\/div>\n<div id=\"input_line_20\"><span id=\"input_part_0\" class=\"\" data-mention=\"\u2022 6. H\u1ea1n s\u1eed d\u1ee5ng: 6 th\u00e1ng.\"><strong>6. H\u1ea1n s\u1eed d\u1ee5ng:<\/strong> 6 th\u00e1ng.<\/span><\/div>\n<div><\/div>\n<div><strong>Li\u00ean h\u1ec7<\/strong><\/div>\n<div><\/div>\n<div id=\"input_line_21\"><strong><span id=\"input_part_0\" class=\"\" data-mention=\"\u2022 C\u00f4ng ty TNHH MIDOLI: \u0110C L\u1ea7u 2, 02-04 Alexandre de Rhodes, P. B\u1ebfn Ngh\u00e9, Qu\u1eadn 1, TP H\u1ed3 Ch\u00ed Minh. Website: www.biomidoli.com. Email: midolibiotek@gmail.com.\">C\u00f4ng ty TNHH MIDOLI<\/span><\/strong><\/div>\n<div><\/div>\n<div><span id=\"input_part_0\" class=\"\" data-mention=\"\u2022 C\u00f4ng ty TNHH MIDOLI: \u0110C L\u1ea7u 2, 02-04 Alexandre de Rhodes, P. B\u1ebfn Ngh\u00e9, Qu\u1eadn 1, TP H\u1ed3 Ch\u00ed Minh. Website: www.biomidoli.com. Email: midolibiotek@gmail.com\">\u0110\u1ecba ch\u1ec9:\u00a0L\u1ea7u 2, 02-04 Alexandre de Rohdes, ph\u01b0\u1eddng S\u00e0i G\u00f2n, Th\u00e0nh ph\u1ed1 H\u1ed3 Ch\u00ed Minh<\/span><\/div>\n<div><\/div>\n<div><span id=\"input_part_0\" class=\"\" data-mention=\"\u2022 C\u00f4ng ty TNHH MIDOLI: \u0110C L\u1ea7u 2, 02-04 Alexandre de Rhodes, P. B\u1ebfn Ngh\u00e9, Qu\u1eadn 1, TP H\u1ed3 Ch\u00ed Minh. Website: www.biomidoli.com. Email: midolibiotek@gmail.com.\">Website: <span style=\"color: #0000ff;\"><a style=\"color: #0000ff;\" href=\"https:\/\/biomidoli.com\/\">www.biomidoli.com<\/a><\/span><\/span><\/div>\n<div><\/div>\n<div><span id=\"input_part_0\" class=\"\" data-mention=\"\u2022 C\u00f4ng ty TNHH MIDOLI: \u0110C L\u1ea7u 2, 02-04 Alexandre de Rhodes, P. B\u1ebfn Ngh\u00e9, Qu\u1eadn 1, TP H\u1ed3 Ch\u00ed Minh. Website: www.biomidoli.com. Email: midolibiotek@gmail.com.\"> Email: midolibiotek@gmail.com<\/span><\/div>\n<div><\/div>\n<div id=\"input_line_22\"><span id=\"input_part_0\" class=\"\" data-mention=\"\u2022 \u0110i\u1ec7n tho\u1ea1i: 0376.455.708\">\u0110i\u1ec7n tho\u1ea1i: 0376.455.708<\/span><\/div>\n","protected":false},"excerpt":{"rendered":"<p>1. Th\u00e0nh ph\u1ea7n: \u25e6 T\u1ed5ng vi sinh v\u1eadt ph\u00e2n gi\u1ea3i cellulose (Vermibase sp.,) &gt;= 10^8 CFU\/ml. 2. C\u00f4ng d\u1ee5ng: \u25e6 Ch\u1ebf ph\u1ea9m Biomi 6 &#8211; ProCompost l\u00e0 h\u1ed7n h\u1ee3p ch\u1ee9a c\u00e1c ch\u1ee7ng vi sinh v\u1eadt ch\u1ee7 y\u1ebfu \u0111\u1ec3 ph\u00e2n h\u1ee7y nhanh ch\u00f3ng c\u00e1c ch\u1ea5t h\u1eefu c\u01a1, t\u1ea1o ph\u00e2n compost gi\u00e0u dinh d\u01b0\u1ee1ng cho c\u00e2y tr\u1ed3ng. [&#8230;]\n","protected":false},"featured_media":2853,"comment_status":"open","ping_status":"closed","template":"","meta":{"_acf_changed":false},"pwb-brand":[],"product_brand":[],"product_cat":[291,292,218],"product_tag":[],"yst_prominent_words":[],"class_list":{"0":"post-2852","1":"product","2":"type-product","3":"status-publish","4":"has-post-thumbnail","6":"product_cat-canh-tac-nong-nghiep","7":"product_cat-chan-nuoi","8":"product_cat-san-pham","10":"first","11":"instock","12":"shipping-taxable","13":"product-type-simple","14":"add-to-wishlist-after_add_to_cart"},"acf":[],"brands":[],"_links":{"self":[{"href":"https:\/\/biomidoli.com\/en\/wp-json\/wp\/v2\/product\/2852","targetHints":{"allow":["GET"]}}],"collection":[{"href":"https:\/\/biomidoli.com\/en\/wp-json\/wp\/v2\/product"}],"about":[{"href":"https:\/\/biomidoli.com\/en\/wp-json\/wp\/v2\/types\/product"}],"replies":[{"embeddable":true,"href":"https:\/\/biomidoli.com\/en\/wp-json\/wp\/v2\/comments?post=2852"}],"wp:featuredmedia":[{"embeddable":true,"href":"https:\/\/biomidoli.com\/en\/wp-json\/wp\/v2\/media\/2853"}],"wp:attachment":[{"href":"https:\/\/biomidoli.com\/en\/wp-json\/wp\/v2\/media?parent=2852"}],"wp:term":[{"taxonomy":"pwb-brand","embeddable":true,"href":"https:\/\/biomidoli.com\/en\/wp-json\/wp\/v2\/pwb-brand?post=2852"},{"taxonomy":"product_brand","embeddable":true,"href":"https:\/\/biomidoli.com\/en\/wp-json\/wp\/v2\/product_brand?post=2852"},{"taxonomy":"product_cat","embeddable":true,"href":"https:\/\/biomidoli.com\/en\/wp-json\/wp\/v2\/product_cat?post=2852"},{"taxonomy":"product_tag","embeddable":true,"href":"https:\/\/biomidoli.com\/en\/wp-json\/wp\/v2\/product_tag?post=2852"},{"taxonomy":"yst_prominent_words","embeddable":true,"href":"https:\/\/biomidoli.com\/en\/wp-json\/wp\/v2\/yst_prominent_words?post=2852"}],"curies":[{"name":"wp","href":"https:\/\/api.w.org\/{rel}","templated":true}]}}