



{"id":2855,"date":"2025-08-11T12:34:42","date_gmt":"2025-08-11T05:34:42","guid":{"rendered":"https:\/\/biomidoli.com\/?post_type=product&#038;p=2855"},"modified":"2026-01-22T17:06:07","modified_gmt":"2026-01-22T10:06:07","slug":"biomi-7-trichobaci","status":"publish","type":"product","link":"https:\/\/biomidoli.com\/en\/san-pham\/biomi-7-trichobaci\/","title":{"rendered":"BIOMI 7 &#8211; TRICHOBACI"},"content":{"rendered":"<div id=\"input_line_0\" style=\"text-align: justify;\"><strong><span id=\"input_part_0\" class=\"\" data-mention=\"Th\u00e0nh ph\u1ea7n:\">Th\u00e0nh ph\u1ea7n:<\/span><\/strong><\/div>\n<div style=\"text-align: justify;\"><\/div>\n<div id=\"input_line_1\" style=\"text-align: justify;\"><span id=\"input_part_0\" class=\"\" style=\"white-space: pre-wrap;\" data-mention=\" \u25e6 T\u1ed5ng VSV ph\u00e2n gi\u1ea3i cellulose (Bacillus sp., Streptomyces sp., Trichoderma sp.,) &gt;= 10^8 CFU\/g.\"> \u25e6 T\u1ed5ng VSV ph\u00e2n gi\u1ea3i cellulose (<em>Bacillus<\/em> sp., <em>Streptomyces<\/em> sp., <em>Trichoderma<\/em> sp.,) &gt;= 10^8 CFU\/g.<\/span><\/div>\n<div style=\"text-align: justify;\"><\/div>\n<div id=\"input_line_2\" style=\"text-align: justify;\"><span id=\"input_part_0\" class=\"\" data-mention=\" \u25e6 B\u1ed5 sung: vi sinh v\u1eadt h\u1ed7 tr\u1ee3 kh\u00e1ng n\u1ea5m g\u00e2y b\u1ec7nh c\u00e2y tr\u1ed3ng: Bacillus sp., Trichoderma sp., Streptomyces sp..\"> \u25e6 B\u1ed5 sung: vi sinh v\u1eadt h\u1ed7 tr\u1ee3 kh\u00e1ng n\u1ea5m g\u00e2y b\u1ec7nh c\u00e2y tr\u1ed3ng: <em>Bacillus<\/em> sp., <em>Trichoderma<\/em> sp., <em>Streptomyces<\/em> sp..<\/span><\/div>\n<div style=\"text-align: justify;\"><\/div>\n<div id=\"input_line_3\" style=\"text-align: justify;\"><span id=\"input_part_0\" class=\"\" data-mention=\"\u2022 C\u00f4ng d\u1ee5ng: Gi\u00fap ph\u00e2n h\u1ee7y m\u1ea1nh nhi\u1ec1u lo\u1ea1i nguy\u00ean li\u1ec7u. K\u00edch th\u00edch b\u1ed9 r\u1ec5 ph\u00e1t tri\u1ec3n m\u1ea1nh, t\u0103ng c\u01b0\u1eddng h\u1ea5p thu ph\u00e2n b\u00f3n. Cung c\u1ea5p h\u1ec7 vi sinh gi\u00fap ph\u00e2n gi\u1ea3i xenlulo, x\u00e1c b\u00e3 th\u1ef1c v\u1eadt gi\u00fap t\u0103ng c\u01b0\u1eddng chuy\u1ec3n h\u00f3a v\u00e0 h\u1ea5p thu dinh d\u01b0\u1ee1ng h\u1eefu c\u01a1 t\u1ea1i ch\u1ed7. Trichoderma, x\u1ea1 khu\u1ea9n v\u00e0 vi khu\u1ea9n Bacillus sinh enzyme, ch\u1ea5t kh\u00e1ng n\u1ea5m, kh\u00e1ng khu\u1ea9n, gi\u00fap c\u00e2y tr\u1ed3ng t\u0103ng s\u1ee9c \u0111\u1ec1 kh\u00e1ng v\u1edbi c\u00e1c vi n\u1ea5m g\u00e2y b\u1ec7nh ph\u1ed5 bi\u1ebfn.\"><strong>\u2022 C\u00f4ng d\u1ee5ng:<\/strong> <\/span><\/div>\n<div style=\"text-align: justify;\"><\/div>\n<div style=\"text-align: justify;\"><span id=\"input_part_0\" class=\"\" data-mention=\"\u2022 C\u00f4ng d\u1ee5ng: Gi\u00fap ph\u00e2n h\u1ee7y m\u1ea1nh nhi\u1ec1u lo\u1ea1i nguy\u00ean li\u1ec7u. K\u00edch th\u00edch b\u1ed9 r\u1ec5 ph\u00e1t tri\u1ec3n m\u1ea1nh, t\u0103ng c\u01b0\u1eddng h\u1ea5p thu ph\u00e2n b\u00f3n. Cung c\u1ea5p h\u1ec7 vi sinh gi\u00fap ph\u00e2n gi\u1ea3i xenlulo, x\u00e1c b\u00e3 th\u1ef1c v\u1eadt gi\u00fap t\u0103ng c\u01b0\u1eddng chuy\u1ec3n h\u00f3a v\u00e0 h\u1ea5p thu dinh d\u01b0\u1ee1ng h\u1eefu c\u01a1 t\u1ea1i ch\u1ed7. Trichoderma, x\u1ea1 khu\u1ea9n v\u00e0 vi khu\u1ea9n Bacillus sinh enzyme, ch\u1ea5t kh\u00e1ng n\u1ea5m, kh\u00e1ng khu\u1ea9n, gi\u00fap c\u00e2y tr\u1ed3ng t\u0103ng s\u1ee9c \u0111\u1ec1 kh\u00e1ng v\u1edbi c\u00e1c vi n\u1ea5m g\u00e2y b\u1ec7nh ph\u1ed5 bi\u1ebfn.\">Gi\u00fap ph\u00e2n h\u1ee7y m\u1ea1nh nhi\u1ec1u lo\u1ea1i nguy\u00ean li\u1ec7u. K\u00edch th\u00edch b\u1ed9 r\u1ec5 ph\u00e1t tri\u1ec3n m\u1ea1nh, t\u0103ng c\u01b0\u1eddng h\u1ea5p thu ph\u00e2n b\u00f3n. Cung c\u1ea5p h\u1ec7 vi sinh gi\u00fap ph\u00e2n gi\u1ea3i xenlulo, x\u00e1c b\u00e3 th\u1ef1c v\u1eadt gi\u00fap t\u0103ng c\u01b0\u1eddng chuy\u1ec3n h\u00f3a v\u00e0 h\u1ea5p thu dinh d\u01b0\u1ee1ng h\u1eefu c\u01a1 t\u1ea1i ch\u1ed7.<\/span><\/div>\n<div style=\"text-align: justify;\"><\/div>\n<div style=\"text-align: justify;\"><span id=\"input_part_0\" class=\"\" data-mention=\"\u2022 C\u00f4ng d\u1ee5ng: Gi\u00fap ph\u00e2n h\u1ee7y m\u1ea1nh nhi\u1ec1u lo\u1ea1i nguy\u00ean li\u1ec7u. K\u00edch th\u00edch b\u1ed9 r\u1ec5 ph\u00e1t tri\u1ec3n m\u1ea1nh, t\u0103ng c\u01b0\u1eddng h\u1ea5p thu ph\u00e2n b\u00f3n. Cung c\u1ea5p h\u1ec7 vi sinh gi\u00fap ph\u00e2n gi\u1ea3i xenlulo, x\u00e1c b\u00e3 th\u1ef1c v\u1eadt gi\u00fap t\u0103ng c\u01b0\u1eddng chuy\u1ec3n h\u00f3a v\u00e0 h\u1ea5p thu dinh d\u01b0\u1ee1ng h\u1eefu c\u01a1 t\u1ea1i ch\u1ed7. Trichoderma, x\u1ea1 khu\u1ea9n v\u00e0 vi khu\u1ea9n Bacillus sinh enzyme, ch\u1ea5t kh\u00e1ng n\u1ea5m, kh\u00e1ng khu\u1ea9n, gi\u00fap c\u00e2y tr\u1ed3ng t\u0103ng s\u1ee9c \u0111\u1ec1 kh\u00e1ng v\u1edbi c\u00e1c vi n\u1ea5m g\u00e2y b\u1ec7nh ph\u1ed5 bi\u1ebfn.\"><em> Trichoderma<\/em>, x\u1ea1 khu\u1ea9n v\u00e0 vi khu\u1ea9n <em>Bacillus<\/em> sinh enzyme, ch\u1ea5t kh\u00e1ng n\u1ea5m, kh\u00e1ng khu\u1ea9n, gi\u00fap c\u00e2y tr\u1ed3ng t\u0103ng s\u1ee9c \u0111\u1ec1 kh\u00e1ng v\u1edbi c\u00e1c vi n\u1ea5m g\u00e2y b\u1ec7nh ph\u1ed5 bi\u1ebfn.<\/span><\/div>\n<div style=\"text-align: justify;\"><\/div>\n<div id=\"input_line_4\" style=\"text-align: justify;\"><strong><span id=\"input_part_0\" class=\"\" data-mention=\"\u2022 Li\u1ec1u d\u00f9ng:\">\u2022 Li\u1ec1u d\u00f9ng:<\/span><\/strong><\/div>\n<div style=\"text-align: justify;\"><\/div>\n<div id=\"input_line_5\" style=\"text-align: justify;\"><span id=\"input_part_0\" class=\"\" data-mention=\" \u25e6 Phun ho\u1eb7c cho v\u00e0o h\u1ec7 th\u1ed1ng t\u01b0\u1edbi t\u1ef1 \u0111\u1ed9ng (d\u00f9ng \u0111\u1ecbnh k\u00ec 15-30 ng\u00e0y\/l\u1ea7n).\"> \u25e6 Phun ho\u1eb7c cho v\u00e0o h\u1ec7 th\u1ed1ng t\u01b0\u1edbi t\u1ef1 \u0111\u1ed9ng (d\u00f9ng \u0111\u1ecbnh k\u00ec 15-30 ng\u00e0y\/l\u1ea7n).<\/span><\/div>\n<div style=\"text-align: justify;\"><\/div>\n<div id=\"input_line_6\" style=\"text-align: justify;\"><span id=\"input_part_0\" class=\"\" data-mention=\" \u25e6 Phun li\u1ec1u 500ml pha trong 200L n\u01b0\u1edbc.\"> \u25e6 Phun li\u1ec1u 500ml pha trong 200L n\u01b0\u1edbc.<\/span><\/div>\n<div style=\"text-align: justify;\"><\/div>\n<div id=\"input_line_7\" style=\"text-align: justify;\"><span id=\"input_part_0\" class=\"\" data-mention=\" \u25e6 T\u01b0\u1edbi t\u1ea9m li\u1ec1u 500g\/1000L.\"> \u25e6 T\u01b0\u1edbi t\u1ea9m li\u1ec1u 500g\/1000L.<\/span><\/div>\n<div style=\"text-align: justify;\"><\/div>\n<div id=\"input_line_8\" style=\"text-align: justify;\"><span id=\"input_part_0\" class=\"\" data-mention=\" \u25e6 C\u00f3 th\u1ec3 s\u1eed d\u1ee5ng 7-10 ng\u00e0y 1 l\u1ea7n khi c\u1ea7n thi\u1ebft ki\u1ec3m so\u00e1t n\u1ea5m g\u00e2y b\u1ec7nh.\"> \u25e6 C\u00f3 th\u1ec3 s\u1eed d\u1ee5ng 7-10 ng\u00e0y 1 l\u1ea7n khi c\u1ea7n thi\u1ebft ki\u1ec3m so\u00e1t n\u1ea5m g\u00e2y b\u1ec7nh.<\/span><\/div>\n<div style=\"text-align: justify;\"><\/div>\n<div id=\"input_line_9\" style=\"text-align: justify;\"><span id=\"input_part_0\" class=\"\" data-mention=\"\u2022 B\u1ea3o qu\u1ea3n: b\u1ea3o qu\u1ea3n n\u01a1i kh\u00f4 r\u00e1o, tho\u00e1ng m\u00e1t.\"><strong>\u2022 B\u1ea3o qu\u1ea3n:<\/strong> b\u1ea3o qu\u1ea3n n\u01a1i kh\u00f4 r\u00e1o, tho\u00e1ng m\u00e1t.<\/span><\/div>\n<div style=\"text-align: justify;\"><\/div>\n<div id=\"input_line_10\" style=\"text-align: justify;\"><span id=\"input_part_0\" class=\"\" data-mention=\"\u2022 Ng\u00e0y s\u1ea3n xu\u1ea5t: 1\/7\/2025. H\u1ea1n s\u1eed d\u1ee5ng: 6 th\u00e1ng. Kh\u1ed1i l\u01b0\u1ee3ng t\u1ecbnh: 25L.\"><strong>\u2022 Ng\u00e0y s\u1ea3n xu\u1ea5t:<\/strong> Xem tr\u00ean bao b\u00ec<\/span><\/div>\n<div style=\"text-align: justify;\"><\/div>\n<div style=\"text-align: justify;\"><span id=\"input_part_0\" class=\"\" data-mention=\"\u2022 Ng\u00e0y s\u1ea3n xu\u1ea5t: 1\/7\/2025. H\u1ea1n s\u1eed d\u1ee5ng: 6 th\u00e1ng. Kh\u1ed1i l\u01b0\u1ee3ng t\u1ecbnh: 25L.\"><strong>\u2022 H\u1ea1n s\u1eed d\u1ee5ng:<\/strong> 6 th\u00e1ng.\u00a0<\/span><\/div>\n<div style=\"text-align: justify;\"><\/div>\n<div style=\"text-align: justify;\"><span id=\"input_part_0\" class=\"\" data-mention=\"\u2022 Ng\u00e0y s\u1ea3n xu\u1ea5t: 1\/7\/2025. H\u1ea1n s\u1eed d\u1ee5ng: 6 th\u00e1ng. Kh\u1ed1i l\u01b0\u1ee3ng t\u1ecbnh: 25L.\"><strong>\u2022 Kh\u1ed1i l\u01b0\u1ee3ng t\u1ecbnh:<\/strong> 25L<\/span><\/div>\n<div style=\"text-align: justify;\"><\/div>\n<div style=\"text-align: justify;\"><span id=\"input_part_0\" class=\"\" data-mention=\"\u2022 Ng\u00e0y s\u1ea3n xu\u1ea5t: 1\/7\/2025. H\u1ea1n s\u1eed d\u1ee5ng: 6 th\u00e1ng. Kh\u1ed1i l\u01b0\u1ee3ng t\u1ecbnh: 25L.\"><strong>\u2022 <\/strong><\/span><strong>Li\u00ean h\u1ec7:\u00a0<\/strong><\/div>\n<div style=\"text-align: justify;\"><\/div>\n<div id=\"input_line_11\" style=\"text-align: justify;\"><strong><span id=\"input_part_0\" class=\"\" data-mention=\"\u2022 C\u00f4ng ty TNHH MIDOLI: \u0110C L\u1ea7u 2, 02-04 Alexandre de Rhodes, P. B\u1ebfn Ngh\u00e9, Qu\u1eadn 1, TP H\u1ed3 Ch\u00ed Minh. Website: www.biomidoli.com. Email: midolibiotek@gmail.com.\">C\u00f4ng ty TNHH MIDOLI<\/span><\/strong><\/div>\n<div><\/div>\n<div style=\"text-align: justify;\"><span id=\"input_part_0\" class=\"\" data-mention=\"\u2022 C\u00f4ng ty TNHH MIDOLI: \u0110C L\u1ea7u 2, 02-04 Alexandre de Rhodes, P. B\u1ebfn Ngh\u00e9, Qu\u1eadn 1, TP H\u1ed3 Ch\u00ed Minh. Website: www.biomidoli.com. Email: midolibiotek@gmail.com\">\u0110\u1ecba ch\u1ec9:\u00a0L\u1ea7u 2, 02-04 Alexandre de Rohdes, ph\u01b0\u1eddng S\u00e0i G\u00f2n, Th\u00e0nh ph\u1ed1 H\u1ed3 Ch\u00ed Minh<\/span><\/div>\n<div style=\"text-align: justify;\"><\/div>\n<div style=\"text-align: justify;\"><span id=\"input_part_0\" class=\"\" data-mention=\"\u2022 C\u00f4ng ty TNHH MIDOLI: \u0110C L\u1ea7u 2, 02-04 Alexandre de Rhodes, P. B\u1ebfn Ngh\u00e9, Qu\u1eadn 1, TP H\u1ed3 Ch\u00ed Minh. Website: www.biomidoli.com. Email: midolibiotek@gmail.com.\"> Website:<span style=\"background-color: #ffffff; color: #0000ff;\"> www.biomidoli.com<\/span><\/span><\/div>\n<div style=\"text-align: justify;\"><\/div>\n<div style=\"text-align: justify;\"><span id=\"input_part_0\" class=\"\" data-mention=\"\u2022 C\u00f4ng ty TNHH MIDOLI: \u0110C L\u1ea7u 2, 02-04 Alexandre de Rhodes, P. B\u1ebfn Ngh\u00e9, Qu\u1eadn 1, TP H\u1ed3 Ch\u00ed Minh. Website: www.biomidoli.com. Email: midolibiotek@gmail.com.\">Email: midolibiotek@gmail.com<\/span><\/div>\n<div style=\"text-align: justify;\"><\/div>\n<div id=\"input_line_12\" style=\"text-align: justify;\"><span id=\"input_part_0\" class=\"\" data-mention=\"\u2022 \u0110i\u1ec7n tho\u1ea1i: 0376.455.708\">\u0110i\u1ec7n tho\u1ea1i: 0376.455.708<\/span><\/div>\n","protected":false},"excerpt":{"rendered":"<p>Th\u00e0nh ph\u1ea7n: \u25e6 T\u1ed5ng VSV ph\u00e2n gi\u1ea3i cellulose (Bacillus sp., Streptomyces sp., Trichoderma sp.,) &gt;= 10^8 CFU\/g. \u25e6 B\u1ed5 sung: vi sinh v\u1eadt h\u1ed7 tr\u1ee3 kh\u00e1ng n\u1ea5m g\u00e2y b\u1ec7nh c\u00e2y tr\u1ed3ng: Bacillus sp., Trichoderma sp., Streptomyces sp.. \u2022 C\u00f4ng d\u1ee5ng: Gi\u00fap ph\u00e2n h\u1ee7y m\u1ea1nh nhi\u1ec1u lo\u1ea1i nguy\u00ean li\u1ec7u. K\u00edch th\u00edch b\u1ed9 r\u1ec5 ph\u00e1t tri\u1ec3n m\u1ea1nh, [&#8230;]\n","protected":false},"featured_media":2856,"comment_status":"open","ping_status":"closed","template":"","meta":{"_acf_changed":false},"pwb-brand":[],"product_brand":[],"product_cat":[291,218],"product_tag":[],"yst_prominent_words":[],"class_list":{"0":"post-2855","1":"product","2":"type-product","3":"status-publish","4":"has-post-thumbnail","6":"product_cat-canh-tac-nong-nghiep","7":"product_cat-san-pham","9":"first","10":"instock","11":"shipping-taxable","12":"product-type-simple","13":"add-to-wishlist-after_add_to_cart"},"acf":[],"brands":[],"_links":{"self":[{"href":"https:\/\/biomidoli.com\/en\/wp-json\/wp\/v2\/product\/2855","targetHints":{"allow":["GET"]}}],"collection":[{"href":"https:\/\/biomidoli.com\/en\/wp-json\/wp\/v2\/product"}],"about":[{"href":"https:\/\/biomidoli.com\/en\/wp-json\/wp\/v2\/types\/product"}],"replies":[{"embeddable":true,"href":"https:\/\/biomidoli.com\/en\/wp-json\/wp\/v2\/comments?post=2855"}],"wp:featuredmedia":[{"embeddable":true,"href":"https:\/\/biomidoli.com\/en\/wp-json\/wp\/v2\/media\/2856"}],"wp:attachment":[{"href":"https:\/\/biomidoli.com\/en\/wp-json\/wp\/v2\/media?parent=2855"}],"wp:term":[{"taxonomy":"pwb-brand","embeddable":true,"href":"https:\/\/biomidoli.com\/en\/wp-json\/wp\/v2\/pwb-brand?post=2855"},{"taxonomy":"product_brand","embeddable":true,"href":"https:\/\/biomidoli.com\/en\/wp-json\/wp\/v2\/product_brand?post=2855"},{"taxonomy":"product_cat","embeddable":true,"href":"https:\/\/biomidoli.com\/en\/wp-json\/wp\/v2\/product_cat?post=2855"},{"taxonomy":"product_tag","embeddable":true,"href":"https:\/\/biomidoli.com\/en\/wp-json\/wp\/v2\/product_tag?post=2855"},{"taxonomy":"yst_prominent_words","embeddable":true,"href":"https:\/\/biomidoli.com\/en\/wp-json\/wp\/v2\/yst_prominent_words?post=2855"}],"curies":[{"name":"wp","href":"https:\/\/api.w.org\/{rel}","templated":true}]}}