



{"id":2861,"date":"2025-08-11T12:45:48","date_gmt":"2025-08-11T05:45:48","guid":{"rendered":"https:\/\/biomidoli.com\/?post_type=product&#038;p=2861"},"modified":"2026-01-22T17:06:47","modified_gmt":"2026-01-22T10:06:47","slug":"biomi-nitrofix-tricho-bt","status":"publish","type":"product","link":"https:\/\/biomidoli.com\/en\/san-pham\/biomi-nitrofix-tricho-bt\/","title":{"rendered":"BIOMI NitroFix-Tricho-Bt"},"content":{"rendered":"<div id=\"input_line_0\" style=\"text-align: justify;\"><strong><span id=\"input_part_0\" class=\"\" data-mention=\"\u2022 Th\u00e0nh ph\u1ea7n:\">\u2022 Th\u00e0nh ph\u1ea7n:<\/span><\/strong><\/div>\n<div style=\"text-align: justify;\"><\/div>\n<div id=\"input_line_1\" style=\"text-align: justify;\"><span id=\"input_part_0\" class=\"\" style=\"white-space: pre-wrap;\" data-mention=\" \u25e6 T\u1ed5ng vi sinh v\u1eadt c\u1ed1 \u0111\u1ecbnh \u0111\u1ea1m (Azotobacter sp.) &gt;= 10^8 CFU\/g.\"> \u25e6 T\u1ed5ng vi sinh v\u1eadt c\u1ed1 \u0111\u1ecbnh \u0111\u1ea1m (<em>Azotobacter<\/em> sp.) &gt;= 10^6 CFU\/g.<\/span><\/div>\n<div style=\"text-align: justify;\"><\/div>\n<div id=\"input_line_2\" style=\"text-align: justify;\"><span id=\"input_part_0\" class=\"\" style=\"white-space: pre-wrap;\" data-mention=\" \u25e6 T\u1ed5ng vi sinh v\u1eadt \u0111\u1ed1i kh\u00e1ng n\u1ea5m (Trichoderma sp., Streptomyces sp.) &gt;= 10^8 CFU\/g.\"> \u25e6 T\u1ed5ng vi sinh v\u1eadt \u0111\u1ed1i kh\u00e1ng n\u1ea5m (<em>Trichoderma<\/em> sp., <em>Streptomyces<\/em> sp.) &gt;= 10^6 CFU\/g.<\/span><\/div>\n<div style=\"text-align: justify;\"><\/div>\n<div id=\"input_line_3\" style=\"text-align: justify;\"><span id=\"input_part_0\" class=\"\" style=\"white-space: pre-wrap;\" data-mention=\" \u25e6 Bacillus thuringiensis &gt;= 10^8 CFU\/g.\"> \u25e6 <em>Bacillus thuringiensis<\/em> &gt;= 10^6 CFU\/g.<\/span><\/div>\n<div style=\"text-align: justify;\"><\/div>\n<div id=\"input_line_4\" style=\"text-align: justify;\"><span id=\"input_part_0\" class=\"\" style=\"white-space: pre-wrap;\" data-mention=\" \u25e6 Bacillus subtilis &gt;= 10^8 CFU\/g.\"> \u25e6 <em>Bacillus subtilis<\/em> &gt;= 10^6 CFU\/g.<\/span><\/div>\n<div style=\"text-align: justify;\"><\/div>\n<div id=\"input_line_5\" style=\"text-align: justify;\"><span id=\"input_part_0\" class=\"\" style=\"white-space: pre-wrap;\" data-mention=\" \u25e6 Azotobacter sp. &gt;= 10^8 CFU\/g.\"> \u25e6 <em>Azotobacter<\/em> sp. &gt;= 10^6 CFU\/g.<\/span><\/div>\n<div style=\"text-align: justify;\"><\/div>\n<div id=\"input_line_6\" style=\"text-align: justify;\"><span id=\"input_part_0\" class=\"\" data-mention=\" \u25e6 \u0110\u1ed9 \u1ea9m &lt;= 5%.\"> \u25e6 \u0110\u1ed9 \u1ea9m &lt;= 5%.<\/span><\/div>\n<div style=\"text-align: justify;\"><\/div>\n<div id=\"input_line_7\" style=\"text-align: justify;\"><span id=\"input_part_0\" class=\"\" data-mention=\"\u2022 C\u00f4ng d\u1ee5ng: C\u00f4ng d\u1ee5ng BIOMI NitroFix-Tricho-Bt l\u00e0 ph\u00e2n b\u00f3n vi sinh v\u1eadt \u0111a ch\u1ee9c n\u0103ng bao g\u1ed3m c\u00e1c vi sinh v\u1eadt h\u1eefu \u00edch nh\u01b0: c\u1ed1 \u0111\u1ecbnh \u0111\u1ea1m, ph\u00e2n gi\u1ea3i l\u00e2n, kali, cellulose, \u0111\u1ed1i kh\u00e1ng n\u1ea5m, vi khu\u1ea9n sinh tr\u01b0\u1edfng, t\u1ea1o hormone th\u1ef1c v\u1eadt. S\u1ea3n ph\u1ea9m gi\u00fap t\u0103ng c\u01b0\u1eddng kh\u1ea3 n\u0103ng h\u1ea5p thu dinh d\u01b0\u1ee1ng, t\u0103ng c\u01b0\u1eddng s\u1ee9c \u0111\u1ec1 kh\u00e1ng cho c\u00e2y tr\u1ed3ng, gi\u1ea3m thi\u1ec3u b\u1ec7nh t\u1eadt, t\u0103ng n\u0103ng su\u1ea5t v\u00e0 ch\u1ea5t l\u01b0\u1ee3ng n\u00f4ng s\u1ea3n. \u0110\u1eb7c bi\u1ec7t, Bacillus thuringiensis gi\u00fap ph\u00f2ng tr\u1eeb s\u00e2u h\u1ea1i.\"><strong>\u2022 C\u00f4ng d\u1ee5ng:<\/strong> <\/span><\/div>\n<div style=\"text-align: justify;\"><\/div>\n<div style=\"text-align: justify;\"><span id=\"input_part_0\" class=\"\" data-mention=\"\u2022 C\u00f4ng d\u1ee5ng: C\u00f4ng d\u1ee5ng BIOMI NitroFix-Tricho-Bt l\u00e0 ph\u00e2n b\u00f3n vi sinh v\u1eadt \u0111a ch\u1ee9c n\u0103ng bao g\u1ed3m c\u00e1c vi sinh v\u1eadt h\u1eefu \u00edch nh\u01b0: c\u1ed1 \u0111\u1ecbnh \u0111\u1ea1m, ph\u00e2n gi\u1ea3i l\u00e2n, kali, cellulose, \u0111\u1ed1i kh\u00e1ng n\u1ea5m, vi khu\u1ea9n sinh tr\u01b0\u1edfng, t\u1ea1o hormone th\u1ef1c v\u1eadt. S\u1ea3n ph\u1ea9m gi\u00fap t\u0103ng c\u01b0\u1eddng kh\u1ea3 n\u0103ng h\u1ea5p thu dinh d\u01b0\u1ee1ng, t\u0103ng c\u01b0\u1eddng s\u1ee9c \u0111\u1ec1 kh\u00e1ng cho c\u00e2y tr\u1ed3ng, gi\u1ea3m thi\u1ec3u b\u1ec7nh t\u1eadt, t\u0103ng n\u0103ng su\u1ea5t v\u00e0 ch\u1ea5t l\u01b0\u1ee3ng n\u00f4ng s\u1ea3n. \u0110\u1eb7c bi\u1ec7t, Bacillus thuringiensis gi\u00fap ph\u00f2ng tr\u1eeb s\u00e2u h\u1ea1i.\">C\u00f4ng d\u1ee5ng BIOMI NitroFix-Tricho-Bt l\u00e0 ph\u00e2n b\u00f3n vi sinh v\u1eadt \u0111a ch\u1ee9c n\u0103ng bao g\u1ed3m c\u00e1c vi sinh v\u1eadt h\u1eefu \u00edch nh\u01b0: c\u1ed1 \u0111\u1ecbnh \u0111\u1ea1m, ph\u00e2n gi\u1ea3i l\u00e2n, kali, cellulose, \u0111\u1ed1i kh\u00e1ng n\u1ea5m, vi khu\u1ea9n sinh tr\u01b0\u1edfng, t\u1ea1o hormone th\u1ef1c v\u1eadt. <\/span><\/div>\n<div style=\"text-align: justify;\"><\/div>\n<div style=\"text-align: justify;\"><span id=\"input_part_0\" class=\"\" data-mention=\"\u2022 C\u00f4ng d\u1ee5ng: C\u00f4ng d\u1ee5ng BIOMI NitroFix-Tricho-Bt l\u00e0 ph\u00e2n b\u00f3n vi sinh v\u1eadt \u0111a ch\u1ee9c n\u0103ng bao g\u1ed3m c\u00e1c vi sinh v\u1eadt h\u1eefu \u00edch nh\u01b0: c\u1ed1 \u0111\u1ecbnh \u0111\u1ea1m, ph\u00e2n gi\u1ea3i l\u00e2n, kali, cellulose, \u0111\u1ed1i kh\u00e1ng n\u1ea5m, vi khu\u1ea9n sinh tr\u01b0\u1edfng, t\u1ea1o hormone th\u1ef1c v\u1eadt. S\u1ea3n ph\u1ea9m gi\u00fap t\u0103ng c\u01b0\u1eddng kh\u1ea3 n\u0103ng h\u1ea5p thu dinh d\u01b0\u1ee1ng, t\u0103ng c\u01b0\u1eddng s\u1ee9c \u0111\u1ec1 kh\u00e1ng cho c\u00e2y tr\u1ed3ng, gi\u1ea3m thi\u1ec3u b\u1ec7nh t\u1eadt, t\u0103ng n\u0103ng su\u1ea5t v\u00e0 ch\u1ea5t l\u01b0\u1ee3ng n\u00f4ng s\u1ea3n. \u0110\u1eb7c bi\u1ec7t, Bacillus thuringiensis gi\u00fap ph\u00f2ng tr\u1eeb s\u00e2u h\u1ea1i.\">S\u1ea3n ph\u1ea9m gi\u00fap t\u0103ng c\u01b0\u1eddng kh\u1ea3 n\u0103ng h\u1ea5p thu dinh d\u01b0\u1ee1ng, t\u0103ng c\u01b0\u1eddng s\u1ee9c \u0111\u1ec1 kh\u00e1ng cho c\u00e2y tr\u1ed3ng, gi\u1ea3m thi\u1ec3u b\u1ec7nh t\u1eadt, t\u0103ng n\u0103ng su\u1ea5t v\u00e0 ch\u1ea5t l\u01b0\u1ee3ng n\u00f4ng s\u1ea3n. \u0110\u1eb7c bi\u1ec7t, Bacillus thuringiensis gi\u00fap ph\u00f2ng tr\u1eeb s\u00e2u h\u1ea1i.<\/span><\/div>\n<div style=\"text-align: justify;\"><\/div>\n<div id=\"input_line_8\" style=\"text-align: justify;\"><span id=\"input_part_0\" class=\"\" data-mention=\"\u2022 Li\u1ec1u d\u00f9ng: Pha lo\u00e3ng s\u1ea3n ph\u1ea9m v\u1edbi n\u01b0\u1edbc v\u00e0 phun l\u00ean c\u00e2y ho\u1eb7c t\u01b0\u1edbi v\u00e0o \u0111\u1ea5t. D\u00f9ng 100g cho 200 l\u00edt n\u01b0\u1edbc. D\u00f9ng \u0111\u1ecbnh k\u1ef3 15-30 ng\u00e0y\/l\u1ea7n.\"><strong>\u2022 Li\u1ec1u d\u00f9ng:<\/strong> <\/span><\/div>\n<div style=\"text-align: justify;\"><\/div>\n<div style=\"text-align: justify;\"><span id=\"input_part_0\" class=\"\" data-mention=\"\u2022 Li\u1ec1u d\u00f9ng: Pha lo\u00e3ng s\u1ea3n ph\u1ea9m v\u1edbi n\u01b0\u1edbc v\u00e0 phun l\u00ean c\u00e2y ho\u1eb7c t\u01b0\u1edbi v\u00e0o \u0111\u1ea5t. D\u00f9ng 100g cho 200 l\u00edt n\u01b0\u1edbc. D\u00f9ng \u0111\u1ecbnh k\u1ef3 15-30 ng\u00e0y\/l\u1ea7n.\">Pha lo\u00e3ng s\u1ea3n ph\u1ea9m v\u1edbi n\u01b0\u1edbc v\u00e0 phun l\u00ean c\u00e2y ho\u1eb7c t\u01b0\u1edbi v\u00e0o \u0111\u1ea5t. D\u00f9ng 100g cho 200 l\u00edt n\u01b0\u1edbc. D\u00f9ng \u0111\u1ecbnh k\u1ef3 15-30 ng\u00e0y\/l\u1ea7n.<\/span><\/div>\n<div style=\"text-align: justify;\"><\/div>\n<div id=\"input_line_9\" style=\"text-align: justify;\"><span id=\"input_part_0\" class=\"\" data-mention=\"\u2022 B\u1ea3o qu\u1ea3n: b\u1ea3o qu\u1ea3n n\u01a1i kh\u00f4 r\u00e1o, tho\u00e1ng m\u00e1t.\"><strong>\u2022 B\u1ea3o qu\u1ea3n:<\/strong> b\u1ea3o qu\u1ea3n n\u01a1i kh\u00f4 r\u00e1o, tho\u00e1ng m\u00e1t.<\/span><\/div>\n<div style=\"text-align: justify;\"><\/div>\n<div id=\"input_line_10\" style=\"text-align: justify;\"><span id=\"input_part_0\" class=\"\" data-mention=\"\u2022 Ng\u00e0y s\u1ea3n xu\u1ea5t: 1\/1\/2022. H\u1ea1n s\u1eed d\u1ee5ng: 12 th\u00e1ng. Kh\u1ed1i l\u01b0\u1ee3ng t\u1ecbnh: 1kg.\"><strong>\u2022 Ng\u00e0y s\u1ea3n xu\u1ea5t<\/strong>: Xem tr\u00ean bao b\u00ec<\/span><\/div>\n<div style=\"text-align: justify;\"><\/div>\n<div style=\"text-align: justify;\"><span id=\"input_part_0\" class=\"\" data-mention=\"\u2022 Ng\u00e0y s\u1ea3n xu\u1ea5t: 1\/1\/2022. H\u1ea1n s\u1eed d\u1ee5ng: 12 th\u00e1ng. Kh\u1ed1i l\u01b0\u1ee3ng t\u1ecbnh: 1kg.\"><strong>\u2022 H\u1ea1n s\u1eed d\u1ee5ng:<\/strong> 12 th\u00e1ng. <\/span><\/div>\n<div style=\"text-align: justify;\"><\/div>\n<div style=\"text-align: justify;\"><span id=\"input_part_0\" class=\"\" data-mention=\"\u2022 Ng\u00e0y s\u1ea3n xu\u1ea5t: 1\/1\/2022. H\u1ea1n s\u1eed d\u1ee5ng: 12 th\u00e1ng. Kh\u1ed1i l\u01b0\u1ee3ng t\u1ecbnh: 1kg.\"><strong>\u2022 Kh\u1ed1i l\u01b0\u1ee3ng t\u1ecbnh:<\/strong> 1kg.<\/span><\/div>\n<div style=\"text-align: justify;\"><\/div>\n<div id=\"input_line_11\" style=\"text-align: justify;\"><span id=\"input_part_0\" class=\"\" data-mention=\"\u2022 C\u00f4ng ngh\u1ec7 \u0111\u01b0\u1ee3c t\u00e0i tr\u1ee3 b\u1edfi T\u1eadp \u0111o\u00e0n Hungroup - C\u00f4ng ty CP v\u00f4 c\u01a1 ho\u00e1 v\u00e0 v\u1eadt li\u1ec7u m\u1edbi \u0111\u00e3 \u1ee9ng d\u1ee5ng th\u00e0nh c\u00f4ng c\u00f4ng ngh\u1ec7 hi\u1ec7n \u0111\u1ea1i t\u1eeb c\u00e1c n\u01b0\u1edbc ti\u00ean ti\u1ebfn v\u00e0 Vi\u1ec7t Nam nghi\u00ean c\u1ee9u ra ch\u1ebf ph\u1ea9m vi sinh BIOMIDOLI.\"><strong>\u2022 C\u00f4ng ngh\u1ec7<\/strong> \u0111\u01b0\u1ee3c t\u00e0i tr\u1ee3 b\u1edfi T\u1eadp \u0111o\u00e0n Hungroup &#8211; C\u00f4ng ty CP v\u00f4 c\u01a1 ho\u00e1 v\u00e0 v\u1eadt li\u1ec7u m\u1edbi \u0111\u00e3 \u1ee9ng d\u1ee5ng th\u00e0nh c\u00f4ng c\u00f4ng ngh\u1ec7 hi\u1ec7n \u0111\u1ea1i t\u1eeb c\u00e1c n\u01b0\u1edbc ti\u00ean ti\u1ebfn v\u00e0 Vi\u1ec7t Nam nghi\u00ean c\u1ee9u ra ch\u1ebf ph\u1ea9m vi sinh BIOMIDOLI.<\/span><\/div>\n<div style=\"text-align: justify;\"><\/div>\n<div style=\"text-align: justify;\"><span id=\"input_part_0\" class=\"\" data-mention=\"\u2022 Ng\u00e0y s\u1ea3n xu\u1ea5t: 1\/1\/2022. H\u1ea1n s\u1eed d\u1ee5ng: 12 th\u00e1ng. Kh\u1ed1i l\u01b0\u1ee3ng t\u1ecbnh: 1kg.\"><strong>\u2022 <\/strong><\/span><strong>Li\u00ean h\u1ec7<\/strong><\/div>\n<div style=\"text-align: justify;\"><\/div>\n<div id=\"input_line_12\" style=\"text-align: justify;\"><strong><span id=\"input_part_0\" class=\"\" data-mention=\"\u2022 C\u00f4ng ty TNHH MIDOLI: \u0110C L\u1ea7u 2, 02-04 Alexandre de Rhodes, P. B\u1ebfn Ngh\u00e9, Qu\u1eadn 1, TP H\u1ed3 Ch\u00ed Minh. Website: www.biomidoli.com. Email: midolibiotek@gmail.com\">C\u00f4ng ty TNHH MIDOLI<\/span><\/strong><\/div>\n<div><\/div>\n<div style=\"text-align: justify;\"><span id=\"input_part_0\" class=\"\" data-mention=\"\u2022 C\u00f4ng ty TNHH MIDOLI: \u0110C L\u1ea7u 2, 02-04 Alexandre de Rhodes, P. B\u1ebfn Ngh\u00e9, Qu\u1eadn 1, TP H\u1ed3 Ch\u00ed Minh. Website: www.biomidoli.com. Email: midolibiotek@gmail.com\">\u0110\u1ecba ch\u1ec9:\u00a0L\u1ea7u 2, 02-04 Alexandre de Rohdes, ph\u01b0\u1eddng S\u00e0i G\u00f2n, Th\u00e0nh ph\u1ed1 H\u1ed3 Ch\u00ed Minh<\/span><\/div>\n<div style=\"text-align: justify;\"><\/div>\n<div style=\"text-align: justify;\"><span id=\"input_part_0\" class=\"\" data-mention=\"\u2022 C\u00f4ng ty TNHH MIDOLI: \u0110C L\u1ea7u 2, 02-04 Alexandre de Rhodes, P. B\u1ebfn Ngh\u00e9, Qu\u1eadn 1, TP H\u1ed3 Ch\u00ed Minh. Website: www.biomidoli.com. Email: midolibiotek@gmail.com\">Website: <span style=\"color: #0000ff;\">www.biomidoli.com<\/span><\/span><\/div>\n<div style=\"text-align: justify;\"><\/div>\n<div style=\"text-align: justify;\"><span id=\"input_part_0\" class=\"\" data-mention=\"\u2022 C\u00f4ng ty TNHH MIDOLI: \u0110C L\u1ea7u 2, 02-04 Alexandre de Rhodes, P. B\u1ebfn Ngh\u00e9, Qu\u1eadn 1, TP H\u1ed3 Ch\u00ed Minh. Website: www.biomidoli.com. Email: midolibiotek@gmail.com\">Email: midolibiotek@gmail.com<\/span><\/div>\n<div style=\"text-align: justify;\"><\/div>\n<div style=\"text-align: justify;\">S\u1ed1 \u0111i\u1ec7n tho\u1ea1i: 0376. 455. 708<\/div>\n","protected":false},"excerpt":{"rendered":"<p>\u2022 Th\u00e0nh ph\u1ea7n: \u25e6 T\u1ed5ng vi sinh v\u1eadt c\u1ed1 \u0111\u1ecbnh \u0111\u1ea1m (Azotobacter sp.) &gt;= 10^6 CFU\/g. \u25e6 T\u1ed5ng vi sinh v\u1eadt \u0111\u1ed1i kh\u00e1ng n\u1ea5m (Trichoderma sp., Streptomyces sp.) &gt;= 10^6 CFU\/g. \u25e6 Bacillus thuringiensis &gt;= 10^6 CFU\/g. \u25e6 Bacillus subtilis &gt;= 10^6 CFU\/g. \u25e6 Azotobacter sp. &gt;= 10^6 CFU\/g. \u25e6 \u0110\u1ed9 \u1ea9m &lt;= 5%. \u2022 [&#8230;]\n","protected":false},"featured_media":2862,"comment_status":"open","ping_status":"closed","template":"","meta":{"_acf_changed":false},"pwb-brand":[],"product_brand":[],"product_cat":[291,218],"product_tag":[],"yst_prominent_words":[],"class_list":{"0":"post-2861","1":"product","2":"type-product","3":"status-publish","4":"has-post-thumbnail","6":"product_cat-canh-tac-nong-nghiep","7":"product_cat-san-pham","9":"first","10":"instock","11":"shipping-taxable","12":"product-type-simple","13":"add-to-wishlist-after_add_to_cart"},"acf":[],"brands":[],"_links":{"self":[{"href":"https:\/\/biomidoli.com\/en\/wp-json\/wp\/v2\/product\/2861","targetHints":{"allow":["GET"]}}],"collection":[{"href":"https:\/\/biomidoli.com\/en\/wp-json\/wp\/v2\/product"}],"about":[{"href":"https:\/\/biomidoli.com\/en\/wp-json\/wp\/v2\/types\/product"}],"replies":[{"embeddable":true,"href":"https:\/\/biomidoli.com\/en\/wp-json\/wp\/v2\/comments?post=2861"}],"wp:featuredmedia":[{"embeddable":true,"href":"https:\/\/biomidoli.com\/en\/wp-json\/wp\/v2\/media\/2862"}],"wp:attachment":[{"href":"https:\/\/biomidoli.com\/en\/wp-json\/wp\/v2\/media?parent=2861"}],"wp:term":[{"taxonomy":"pwb-brand","embeddable":true,"href":"https:\/\/biomidoli.com\/en\/wp-json\/wp\/v2\/pwb-brand?post=2861"},{"taxonomy":"product_brand","embeddable":true,"href":"https:\/\/biomidoli.com\/en\/wp-json\/wp\/v2\/product_brand?post=2861"},{"taxonomy":"product_cat","embeddable":true,"href":"https:\/\/biomidoli.com\/en\/wp-json\/wp\/v2\/product_cat?post=2861"},{"taxonomy":"product_tag","embeddable":true,"href":"https:\/\/biomidoli.com\/en\/wp-json\/wp\/v2\/product_tag?post=2861"},{"taxonomy":"yst_prominent_words","embeddable":true,"href":"https:\/\/biomidoli.com\/en\/wp-json\/wp\/v2\/yst_prominent_words?post=2861"}],"curies":[{"name":"wp","href":"https:\/\/api.w.org\/{rel}","templated":true}]}}